{"id":5603,"date":"2021-01-07T00:04:27","date_gmt":"2021-01-06T22:04:27","guid":{"rendered":"https:\/\/gsa.swiss\/donate\/"},"modified":"2022-03-28T13:38:57","modified_gmt":"2022-03-28T11:38:57","slug":"donate","status":"publish","type":"page","link":"https:\/\/gsa.swiss\/de\/donate\/","title":{"rendered":"Donate"},"content":{"rendered":"<div class=\"wpb-content-wrapper\"><p>[vc_row css_animation=&#8220;&#8220; row_type=&#8220;row&#8220; use_row_as_full_screen_section=&#8220;no&#8220; type=&#8220;grid&#8220; angled_section=&#8220;no&#8220; text_align=&#8220;left&#8220; background_image_as_pattern=&#8220;without_pattern&#8220; bg_type=&#8220;bg_color&#8220; bg_override=&#8220;full&#8220; z_index=&#8220;&#8220; css=&#8220;.vc_custom_1615760646194{background-image: url(https:\/\/gsa.swiss\/wp-content\/uploads\/2021\/01\/about-us-scaled.jpg?id=4106) !important;}&#8220;][vc_column width=&#8220;1\/2&#8243;][vc_empty_space height=&#8220;80px&#8220;][vc_column_text]<\/p>\n<h1><strong><span style=\"color: #ffffff;\">Unterst\u00fctzen Sie armenische Anliegen in der Schweiz.<\/span><\/strong><br \/>\n<strong><span style=\"color: #ffffff;\">Spenden Sie hier und jetzt.<\/span><\/strong><\/h1>\n<p>[\/vc_column_text][vc_empty_space height=&#8220;24px&#8220;]<div data-id=\"mpc_divider-5569e77433a111b\" class=\"mpc-divider-wrap\"><div class=\"mpc-divider mpc-init mpc-align--left mpc-disable--left \" ><div class=\"mpc-divider__line mpc-side--left\"><span><\/span><\/div><div class=\"mpc-divider__line mpc-side--right\"><span><\/span><\/div><\/div><\/div>[vc_empty_space height=&#8220;30px&#8220;]<div id=\"mpc_textblock-6569e77433a1184\" class=\"mpc-textblock mpc-init \"><h4>Ihre Beitr\u00e4ge helfen der GSA bei der Aufkl\u00e4rung, der Zusammenarbeit mit politischen und wirtschaftlichen Entscheidungstr\u00e4gern, der Organisation von Gemeinschaften, der F\u00f6rderung spezifischer Kampagnen und der Aufrechterhaltung einer bedeutenden Medienpr\u00e4senz.<\/h4>\n<h4><strong>\u00a0<\/strong><\/h4>\n<h4>Als kleine Non-Profit-Organisation sind wir auf die finanzielle Unterst\u00fctzung von Freunden wie Ihnen angewiesen, um unsere Bem\u00fchungen zu kapitalisieren und unsere Anliegen voranzutreiben. So wie unsere Stimme Ihre Werte widerspiegelt, h\u00e4ngt unsere St\u00e4rke von Ihrem Engagement ab. Gemeinsam k\u00f6nnen wir einen Unterschied machen.<\/h4>\n<h4><\/h4>\n<p>&nbsp;<\/p>\n<h4>Machen Sie noch heute eine einmalige oder wiederkehrende Spende.<\/h4>\n<\/div>[vc_empty_space height=&#8220;30px&#8220;][\/vc_column][vc_column width=&#8220;1\/2&#8243; css=&#8220;.vc_custom_1645650899344{background-color: #ffffff !important;}&#8220;][vc_column_text]<div class=\"give-embed-form-wrapper\" id=\"give-69e77433a37b2\"><iframe\n\t\t\t\tname=\"give-embed-form\"\n\t\t\t\tsrc=\"https:\/\/gsa.swiss\/de\/give\/donation-form-2\/?giveDonationFormInIframe=1\"\n\t\t\t\t\n\t\t\t\tdata-autoScroll=\"0\"\n\t\t\t\tonload=\"if( 'undefined' !== typeof Give ) { Give.initializeIframeResize(this) }\"\n\t\t\t\tstyle=\"border: 0;visibility: hidden;min-height: 645px;\"><\/iframe><div class=\"iframe-loader\">\n<div style=\"\n\t\theight: calc(100% - 28px);\n\t\twidth: calc(100% - 20px);\n\t\tmax-width: 552px;\n\t\tmargin: 10px auto 10px auto;\n\t\tbackground: transparent;\n\t\tborder-radius: 6px;\n\t\tdisplay: flex;\n\t\talign-items: center;\n\t\tjustify-content: center;\n\t\">\n    <div style=\"\n        pointer-events: none;\n        height: 90px;\n        width: 90px;\n        background-image: url(&quot;data:image\/svg+xml;charset=utf8,%3C?xml version='1.0' encoding='utf-8'?%3E%3C!-- Generator: Adobe Illustrator 24.1.0, SVG Export Plug-In . SVG Version: 6.00 Build 0) --%3E%3Csvg version='1.1' id='Layer_1' xmlns='http:\/\/www.w3.org\/2000\/svg' xmlns:xlink='http:\/\/www.w3.org\/1999\/xlink' x='0px' y='0px' viewBox='0 0 349 348' style='enable-background:new 0 0 349 348;' xml:space='preserve'%3E%3Cstyle type='text\/css'%3E .st0{fill:%2328C77B;} %3C\/style%3E%3Cpath class='st0' d='M25.1,204.57c-13.38,0-24.47-10.6-24.97-24.08C0.04,178.09,0,175.97,0,174C0,77.78,78.28-0.5,174.5-0.5 c13.81,0,25,11.19,25,25s-11.19,25-25,25C105.85,49.5,50,105.35,50,174c0,1.37,0.03,2.85,0.1,4.65c0.51,13.8-10.27,25.39-24.07,25.9 C25.72,204.56,25.41,204.57,25.1,204.57z'\/%3E%3Cpath class='st0' d='M174.5,348.5c-13.81,0-25-11.19-25-25c0-13.81,11.19-25,25-25c68.65,0,124.5-55.85,124.5-124.5 c0-1.38-0.03-2.85-0.1-4.65c-0.51-13.8,10.26-25.4,24.06-25.91c13.83-0.53,25.4,10.26,25.91,24.06c0.09,2.39,0.13,4.51,0.13,6.49 C349,270.22,270.72,348.5,174.5,348.5z'\/%3E%3C\/svg%3E&quot;);\n        animation: spin 0.6s linear infinite;\n        \"><\/div>\n<\/div>\n<\/div><\/div>[\/vc_column_text][vc_empty_space height=&#8220;30px&#8220;][\/vc_column][\/vc_row][vc_row css_animation=&#8220;&#8220; row_type=&#8220;row&#8220; use_row_as_full_screen_section=&#8220;no&#8220; type=&#8220;grid&#8220; angled_section=&#8220;no&#8220; text_align=&#8220;left&#8220; background_image_as_pattern=&#8220;without_pattern&#8220; bg_type=&#8220;bg_color&#8220; bg_override=&#8220;full&#8220; z_index=&#8220;&#8220; css=&#8220;.vc_custom_1609968615410{background-color: #f7fff7 !important;}&#8220;][vc_column][vc_empty_space][\/vc_column][\/vc_row][vc_row css_animation=&#8220;&#8220; row_type=&#8220;row&#8220; use_row_as_full_screen_section=&#8220;no&#8220; type=&#8220;grid&#8220; angled_section=&#8220;no&#8220; text_align=&#8220;left&#8220; background_image_as_pattern=&#8220;without_pattern&#8220; bg_type=&#8220;bg_color&#8220; bg_override=&#8220;full&#8220; z_index=&#8220;&#8220; css=&#8220;.vc_custom_1609968596578{background-color: #f7fff7 !important;}&#8220;][vc_column width=&#8220;1\/6&#8243;][\/vc_column][vc_column width=&#8220;2\/3&#8243;][vc_column_text]<\/p>\n<h1><span style=\"color: #0d302d;\"><strong>Warum uns unterst\u00fctzen?<\/strong><\/span><\/h1>\n<p>[\/vc_column_text][vc_empty_space height=&#8220;12px&#8220;]<div data-id=\"mpc_divider-3569e77433a467d\" class=\"mpc-divider-wrap\"><div class=\"mpc-divider mpc-init mpc-align--left mpc-disable--left \" ><div class=\"mpc-divider__line mpc-side--left\"><span><\/span><\/div><div class=\"mpc-divider__line mpc-side--right\"><span><\/span><\/div><\/div><\/div>[vc_empty_space][vc_column_text]<span style=\"color: #0d302d;\">Seit 1998 hat sich die GSA zu einer kleinen, aber starken Basisorganisation entwickelt, die zu einer starken Stimme f\u00fcr die armenische Gemeinschaft geworden ist. Die aktiven Herausforderungen f\u00fcr unser Heimatland und unser Erbe wachsen weiter, und wir stehen Gegnern gegen\u00fcber, die gut finanziert und unerbittlich sind. Und doch wachsen auch unsere M\u00f6glichkeiten. Ihre Unterst\u00fctzung hilft uns, die Menschenrechte zu verteidigen und f\u00fcr armenische Anliegen sowohl in der Schweiz als auch international zu k\u00e4mpfen.<\/span>[\/vc_column_text][\/vc_column][vc_column width=&#8220;1\/6&#8243;][\/vc_column][\/vc_row][vc_row css_animation=&#8220;&#8220; row_type=&#8220;row&#8220; use_row_as_full_screen_section=&#8220;no&#8220; type=&#8220;grid&#8220; angled_section=&#8220;no&#8220; text_align=&#8220;left&#8220; background_image_as_pattern=&#8220;without_pattern&#8220; bg_type=&#8220;bg_color&#8220; bg_override=&#8220;full&#8220; z_index=&#8220;&#8220; css=&#8220;.vc_custom_1609968626816{background-color: #f7fff7 !important;}&#8220;][vc_column][vc_empty_space][\/vc_column][\/vc_row][vc_row css_animation=&#8220;&#8220; row_type=&#8220;row&#8220; use_row_as_full_screen_section=&#8220;no&#8220; type=&#8220;grid&#8220; angled_section=&#8220;no&#8220; text_align=&#8220;left&#8220; background_image_as_pattern=&#8220;without_pattern&#8220; bg_type=&#8220;bg_color&#8220; bg_override=&#8220;full&#8220; z_index=&#8220;&#8220; background_color=&#8220;#ffffff&#8220; css=&#8220;.vc_custom_1609891011282{background-color: #5a455e !important;}&#8220;][vc_column][vc_empty_space][\/vc_column][\/vc_row][vc_row css_animation=&#8220;&#8220; row_type=&#8220;row&#8220; use_row_as_full_screen_section=&#8220;no&#8220; type=&#8220;grid&#8220; angled_section=&#8220;no&#8220; text_align=&#8220;left&#8220; background_image_as_pattern=&#8220;without_pattern&#8220; bg_type=&#8220;bg_color&#8220; bg_override=&#8220;full&#8220; z_index=&#8220;&#8220; background_color=&#8220;#ffffff&#8220; css=&#8220;.vc_custom_1609891021980{background-color: #5a455e !important;}&#8220;][vc_column width=&#8220;1\/6&#8243;][\/vc_column][vc_column width=&#8220;2\/3&#8243;][vc_column_text]<\/p>\n<h1><span style=\"color: #cfedf2;\"><strong>Wohin fliesst Ihr Geld?<\/strong><\/span><\/h1>\n<p>[\/vc_column_text][vc_empty_space height=&#8220;12px&#8220;]<div data-id=\"mpc_divider-4869e77433a4723\" class=\"mpc-divider-wrap\"><div class=\"mpc-divider mpc-init mpc-align--left mpc-disable--left \" ><div class=\"mpc-divider__line mpc-side--left\"><span><\/span><\/div><div class=\"mpc-divider__line mpc-side--right\"><span><\/span><\/div><\/div><\/div>[vc_empty_space][vc_column_text]<span style=\"color: #ffffff;\">Ihre grossz\u00fcgigen Beitr\u00e4ge erm\u00f6glichen uns:<\/span><\/p>\n<p><span style=\"color: #ffffff;\"><strong>\u00a0<\/strong><\/span><\/p>\n<ul>\n<li><span style=\"color: #ffffff;\">Die Schweizer Medien durch unsere Artikel und Pressemitteilungen zu erreichen<\/span><\/li>\n<li><span style=\"color: #ffffff;\">Der sch\u00e4dlichen aserischen und t\u00fcrkischen Propaganda entgegenzuwirken<\/span><\/li>\n<li><span style=\"color: #ffffff;\">\u00d6ffentliche Versammlungen und Demonstrationen zu organisieren<\/span><\/li>\n<li><span style=\"color: #ffffff;\">Armenien in Schulen und sozialen Organisationen zu repr\u00e4sentieren<\/span><\/li>\n<li><span style=\"color: #ffffff;\">Eine wichtige Pr\u00e4senz bei UN- und EU-Kongressen zu haben<\/span><\/li>\n<li><span style=\"color: #ffffff;\">Aufkl\u00e4rung der Schweizer Bev\u00f6lkerung \u00fcber die Lage und Herausforderungen des armenischen Volkes<\/span><\/li>\n<li><span style=\"color: #ffffff;\">Information verschiedener Zielgruppen durch Berichte und Faktenbl\u00e4tter<\/span><\/li>\n<\/ul>\n<p>&nbsp;<\/p>\n<p><span style=\"color: #ffffff;\">Zus\u00e4tzlich betreibt die GSA PGArm, eine der aktivsten interparlamentarischen Gruppen im Schweizer Parlament, wo wir:<\/span><\/p>\n<p>&nbsp;<\/p>\n<ul>\n<li><span style=\"color: #ffffff;\">Teilnahme an Anh\u00f6rungen und Sitzungen der Regierung<\/span><\/li>\n<li><span style=\"color: #ffffff;\">Planung und Teilnahme an parlamentarischen Reisen nach Armenien und Karabach<\/span><\/li>\n<li><span style=\"color: #ffffff;\">Organisieren von internationalen Friedens- und Handelsmissionen<\/span><\/li>\n<li><span style=\"color: #ffffff;\">Unterst\u00fctzung von Schweizer Politikern, die sich f\u00fcr armenische Belange einsetzen<\/span><\/li>\n<li><span style=\"color: #ffffff;\">Lobbyarbeit f\u00fcr humanit\u00e4re und Entwicklungshilfe<\/span><\/li>\n<\/ul>\n<p>&nbsp;<\/p>\n<p><span style=\"color: #ffffff;\">All dies geschieht derzeit aus eigener Kraft , mit eigenen Mitteln und auf freiwilligen Basis, aber die materiellen Kosten, einschliesslich Rechtsberatung und -vertretung, sowie die Aufrechterhaltung unserer Firmenpr\u00e4senz und Kommunikation wie unsere Website und Aktivit\u00e4ten in sozialen Medien sind betr\u00e4chtlich und wachsen weiter.<\/span>[\/vc_column_text][\/vc_column][vc_column width=&#8220;1\/6&#8243;][\/vc_column][\/vc_row][vc_row css_animation=&#8220;&#8220; row_type=&#8220;row&#8220; use_row_as_full_screen_section=&#8220;no&#8220; type=&#8220;grid&#8220; angled_section=&#8220;no&#8220; text_align=&#8220;left&#8220; background_image_as_pattern=&#8220;without_pattern&#8220; bg_type=&#8220;bg_color&#8220; bg_override=&#8220;full&#8220; z_index=&#8220;&#8220; background_color=&#8220;#ffffff&#8220; css=&#8220;.vc_custom_1609891068589{background-color: #5a455e !important;}&#8220;][vc_column][vc_empty_space][\/vc_column][\/vc_row][vc_row css_animation=&#8220;&#8220; row_type=&#8220;row&#8220; use_row_as_full_screen_section=&#8220;no&#8220; type=&#8220;grid&#8220; angled_section=&#8220;no&#8220; text_align=&#8220;left&#8220; background_image_as_pattern=&#8220;without_pattern&#8220; bg_type=&#8220;bg_color&#8220; bg_override=&#8220;full&#8220; z_index=&#8220;&#8220; background_color=&#8220;#ffffff&#8220; css=&#8220;.vc_custom_1609891119217{background-color: #4ecdc4 !important;}&#8220;][vc_column][vc_empty_space][\/vc_column][\/vc_row][vc_row css_animation=&#8220;&#8220; row_type=&#8220;row&#8220; use_row_as_full_screen_section=&#8220;no&#8220; type=&#8220;grid&#8220; angled_section=&#8220;no&#8220; text_align=&#8220;left&#8220; background_image_as_pattern=&#8220;without_pattern&#8220; bg_type=&#8220;bg_color&#8220; bg_override=&#8220;full&#8220; z_index=&#8220;&#8220; background_color=&#8220;#ffffff&#8220; css=&#8220;.vc_custom_1609891129295{background-color: #4ecdc4 !important;}&#8220;][vc_column width=&#8220;1\/6&#8243;][\/vc_column][vc_column width=&#8220;2\/3&#8243;][vc_column_text]<\/p>\n<h1><span style=\"color: #1a535c;\"><strong>Wieso die Schweiz?<\/strong><\/span><\/h1>\n<p>[\/vc_column_text][vc_empty_space height=&#8220;12px&#8220;]<div data-id=\"mpc_divider-3869e77433a47a3\" class=\"mpc-divider-wrap\"><div class=\"mpc-divider mpc-init mpc-align--left mpc-disable--left \" ><div class=\"mpc-divider__line mpc-side--left\"><span><\/span><\/div><div class=\"mpc-divider__line mpc-side--right\"><span><\/span><\/div><\/div><\/div>[vc_empty_space][vc_column_text]<span style=\"color: #ffffff;\">Obwohl die armenische Bev\u00f6lkerung in der Schweiz relativ klein ist, ist unsere Mission hier entscheidend. Die Schweiz ist ein globales Wirtschaftszentrum und weltweit f\u00fchrend bei Nichtregierungsorganisationen und sozialpolitischen Institutionen wie der UNO und ihren verschiedenen Gremien. Die Schweiz und Armenien sind wechselseitig wertvolle Handelspartner, und die Schweiz leistet aktiv humanit\u00e4re und Entwicklungshilfe f\u00fcr Armenien und die gesamte Caucus-Region.<\/span><\/p>\n<p>&nbsp;<\/p>\n<p><span style=\"color: #ffffff;\">Unsere Aktivit\u00e4ten sind bekannt und werden von der offiziellen Schweiz sehr gesch\u00e4tzt und respektiert. Die GSA wird in der Schweizer \u00d6ffentlichkeit als verl\u00e4sslicher Partner in Bezug auf armenische Themen gesehen. Wir sind bestrebt, jede dieser Rollen und Verantwortlichkeiten zu verwirklichen und auszubauen. Aber dies wird ohne Ihre Unterst\u00fctzung nicht m\u00f6glich sein.<\/span><\/p>\n<p>[\/vc_column_text][\/vc_column][vc_column width=&#8220;1\/6&#8243;][\/vc_column][\/vc_row][vc_row css_animation=&#8220;&#8220; row_type=&#8220;row&#8220; use_row_as_full_screen_section=&#8220;no&#8220; type=&#8220;grid&#8220; angled_section=&#8220;no&#8220; text_align=&#8220;left&#8220; background_image_as_pattern=&#8220;without_pattern&#8220; bg_type=&#8220;bg_color&#8220; bg_override=&#8220;full&#8220; z_index=&#8220;&#8220; background_color=&#8220;#ffffff&#8220; css=&#8220;.vc_custom_1609891139601{background-color: #4ecdc4 !important;}&#8220;][vc_column][vc_empty_space height=&#8220;48px&#8220;][\/vc_column][\/vc_row][vc_row css_animation=&#8220;&#8220; row_type=&#8220;row&#8220; use_row_as_full_screen_section=&#8220;no&#8220; type=&#8220;grid&#8220; angled_section=&#8220;no&#8220; text_align=&#8220;left&#8220; background_image_as_pattern=&#8220;without_pattern&#8220; bg_type=&#8220;bg_color&#8220; bg_override=&#8220;full&#8220; z_index=&#8220;&#8220; background_color=&#8220;#ffffff&#8220; css=&#8220;.vc_custom_1615840663740{background-color: #240505 !important;}&#8220;][vc_column][vc_empty_space][\/vc_column][\/vc_row][vc_row css_animation=&#8220;&#8220; row_type=&#8220;row&#8220; use_row_as_full_screen_section=&#8220;no&#8220; type=&#8220;grid&#8220; angled_section=&#8220;no&#8220; text_align=&#8220;left&#8220; background_image_as_pattern=&#8220;without_pattern&#8220; bg_type=&#8220;bg_color&#8220; bg_override=&#8220;full&#8220; z_index=&#8220;&#8220; background_color=&#8220;#ffffff&#8220; css=&#8220;.vc_custom_1615840697869{background-color: #240505 !important;}&#8220;][vc_column width=&#8220;1\/6&#8243;][\/vc_column][vc_column width=&#8220;2\/3&#8243;][vc_column_text]<\/p>\n<h1><strong><span style=\"color: #ffffff;\">Wie k\u00f6nnen Sie sonst noch helfen?<\/span><\/strong><\/h1>\n<p>[\/vc_column_text][vc_empty_space height=&#8220;12px&#8220;]<div data-id=\"mpc_divider-6169e77433a4811\" class=\"mpc-divider-wrap\"><div class=\"mpc-divider mpc-init mpc-align--left mpc-disable--left \" ><div class=\"mpc-divider__line mpc-side--left\"><span><\/span><\/div><div class=\"mpc-divider__line mpc-side--right\"><span><\/span><\/div><\/div><\/div>[vc_empty_space][vc_column_text]<span style=\"color: #ffffff;\">Entdecken Sie mit uns weitere grossartige M\u00f6glichkeiten, unsere wichtigen Ziele zu unterst\u00fctzen. Besuchen Sie eine Veranstaltung. Folgen Sie uns in den sozialen Medien. Helfen Sie mit. Tragen Sie sich in unsere Mailingliste ein. Tragen Sie unsere Botschaft weiter. Zusammen k\u00f6nnen wir einen Unterschied machen und etwas erreichen.<\/span><\/p>\n<p>[\/vc_column_text][vc_empty_space height=&#8220;20px&#8220;]<div class=\" ubtn-ctn-left \"><a class=\"ubtn-link ult-adjust-bottom-margin ubtn-left ubtn-normal \" href=\"http:\/\/gsa.swiss\/join\/\" title=\"MITMACHEN\" ><button type=\"button\" id=\"ubtn-3946\"  class=\"ubtn ult-adjust-bottom-margin ult-responsive ubtn-normal ubtn-no-hover-bg  none  ubtn-left   tooltip-69e77433a4893\"  data-hover=\"#ffffff\" data-border-color=\"\" data-bg=\"#fdb321\" data-hover-bg=\"#4ecdc4\" data-border-hover=\"\" data-shadow-hover=\"\" data-shadow-click=\"none\" data-shadow=\"\" data-shd-shadow=\"\"  data-ultimate-target='#ubtn-3946'  data-responsive-json-new='{\"font-size\":\"desktop:18px;\",\"line-height\":\"\"}'  style=\"font-family:&#039;Nunito Sans&#039;;font-weight:700;border:none;background: #fdb321;color: #ffffff;\"><span class=\"ubtn-hover\" style=\"background-color:#4ecdc4\"><\/span><span class=\"ubtn-data ubtn-text \" >MITMACHEN<\/span><\/button><\/a><\/div>[vc_empty_space height=&#8220;15px&#8220;][\/vc_column][vc_column width=&#8220;1\/6&#8243;][\/vc_column][\/vc_row][vc_row css_animation=&#8220;&#8220; row_type=&#8220;row&#8220; use_row_as_full_screen_section=&#8220;no&#8220; type=&#8220;grid&#8220; angled_section=&#8220;no&#8220; text_align=&#8220;left&#8220; background_image_as_pattern=&#8220;without_pattern&#8220; bg_type=&#8220;bg_color&#8220; bg_override=&#8220;full&#8220; z_index=&#8220;&#8220; background_color=&#8220;#ffffff&#8220; css=&#8220;.vc_custom_1615840663740{background-color: #240505 !important;}&#8220;][vc_column][vc_empty_space][\/vc_column][\/vc_row][vc_row css_animation=&#8220;&#8220; row_type=&#8220;row&#8220; use_row_as_full_screen_section=&#8220;no&#8220; type=&#8220;grid&#8220; angled_section=&#8220;no&#8220; text_align=&#8220;left&#8220; background_image_as_pattern=&#8220;without_pattern&#8220; z_index=&#8220;&#8220;][vc_column][vc_empty_space height=&#8220;45px&#8220;][\/vc_column][\/vc_row][vc_row css_animation=&#8220;&#8220; row_type=&#8220;row&#8220; use_row_as_full_screen_section=&#8220;no&#8220; type=&#8220;grid&#8220; angled_section=&#8220;no&#8220; text_align=&#8220;left&#8220; background_image_as_pattern=&#8220;without_pattern&#8220; z_index=&#8220;&#8220;][vc_column][vc_empty_space height=&#8220;45px&#8220;][\/vc_column][\/vc_row][vc_row css_animation=&#8220;&#8220; row_type=&#8220;row&#8220; use_row_as_full_screen_section=&#8220;no&#8220; type=&#8220;grid&#8220; angled_section=&#8220;no&#8220; text_align=&#8220;left&#8220; background_image_as_pattern=&#8220;without_pattern&#8220; z_index=&#8220;&#8220;][vc_column width=&#8220;1\/2&#8243;][vc_single_image image=&#8220;4427&#8243; img_size=&#8220;full&#8220; alignment=&#8220;center&#8220; qode_css_animation=&#8220;&#8220;][vc_empty_space][\/vc_column][vc_column width=&#8220;1\/2&#8243;][vc_column_text]<\/p>\n<h1 style=\"text-align: left;\"><strong><span style=\"color: #fdb321;\">Tragen Sie sich in unsere Mailingliste ein<\/span><\/strong><\/h1>\n<p>[\/vc_column_text][vc_column_text]<\/p>\n<h5 style=\"text-align: left;\"><span style=\"color: #818181;\">Verpassen Sie nie wieder eine Chance, etwas zu bewegen. Melden Sie sich jetzt an.<\/span><\/h5>\n<p>[\/vc_column_text][vc_empty_space][vc_column_text]\n<div class=\"wpcf7 no-js\" id=\"wpcf7-f5722-o1\" lang=\"de-DE\" dir=\"ltr\" data-wpcf7-id=\"5722\">\n<div class=\"screen-reader-response\"><p role=\"status\" aria-live=\"polite\" aria-atomic=\"true\"><\/p> <ul><\/ul><\/div>\n<form action=\"\/de\/wp-json\/wp\/v2\/pages\/5603#wpcf7-f5722-o1\" method=\"post\" class=\"wpcf7-form init\" aria-label=\"Kontaktformular\" novalidate=\"novalidate\" data-status=\"init\">\n<fieldset class=\"hidden-fields-container\"><input type=\"hidden\" name=\"_wpcf7\" value=\"5722\" \/><input type=\"hidden\" name=\"_wpcf7_version\" value=\"6.1.3\" \/><input type=\"hidden\" name=\"_wpcf7_locale\" value=\"de_DE\" \/><input type=\"hidden\" name=\"_wpcf7_unit_tag\" value=\"wpcf7-f5722-o1\" \/><input type=\"hidden\" name=\"_wpcf7_container_post\" value=\"0\" \/><input type=\"hidden\" name=\"_wpcf7_posted_data_hash\" value=\"\" \/><input type=\"hidden\" name=\"_wpcf7_recaptcha_response\" value=\"\" \/>\n<\/fieldset>\n<div class=\"contact-form\">\n\t<p><label>Name*<br \/>\n<span class=\"wpcf7-form-control-wrap\" data-name=\"customer-name\"><input size=\"40\" maxlength=\"400\" class=\"wpcf7-form-control wpcf7-text wpcf7-validates-as-required\" aria-required=\"true\" aria-invalid=\"false\" placeholder=\"Name\" value=\"\" type=\"text\" name=\"customer-name\" \/><\/span> <\/label><br \/>\n<label>E-Mail*<br \/>\n<span class=\"wpcf7-form-control-wrap\" data-name=\"email\"><input size=\"40\" maxlength=\"400\" class=\"wpcf7-form-control wpcf7-email wpcf7-validates-as-required wpcf7-text wpcf7-validates-as-email\" aria-required=\"true\" aria-invalid=\"false\" placeholder=\"E-Mail Adresse\" value=\"\" type=\"email\" name=\"email\" \/><\/span> <\/label><br \/>\n<input class=\"wpcf7-form-control wpcf7-submit has-spinner contact-form-button\" type=\"submit\" value=\"JETZT ANMELDEN\" \/>\n\t<\/p>\n<\/div><div class=\"wpcf7-response-output\" aria-hidden=\"true\"><\/div>\n<\/form>\n<\/div>\n[\/vc_column_text][\/vc_column][\/vc_row][vc_row css_animation=&#8220;&#8220; row_type=&#8220;row&#8220; use_row_as_full_screen_section=&#8220;no&#8220; type=&#8220;full_width&#8220; angled_section=&#8220;no&#8220; text_align=&#8220;left&#8220; background_image_as_pattern=&#8220;without_pattern&#8220;][vc_column][vc_empty_space height=&#8220;64px&#8220;][\/vc_column][\/vc_row]<\/p>\n<\/div>","protected":false},"excerpt":{"rendered":"<p>[vc_row css_animation=&#8220;&#8220; row_type=&#8220;row&#8220; use_row_as_full_screen_section=&#8220;no&#8220; type=&#8220;grid&#8220; angled_section=&#8220;no&#8220; text_align=&#8220;left&#8220; background_image_as_pattern=&#8220;without_pattern&#8220; bg_type=&#8220;bg_color&#8220; bg_override=&#8220;full&#8220; z_index=&#8220;&#8220; css=&#8220;.vc_custom_1615760646194{background-image: url(https:\/\/gsa.swiss\/wp-content\/uploads\/2021\/01\/about-us-scaled.jpg?id=4106) !important;}&#8220;][vc_column width=&#8220;1\/2&#8243;][vc_empty_space height=&#8220;80px&#8220;][vc_column_text] Unterst\u00fctzen Sie armenische Anliegen in der Schweiz. Spenden Sie hier und jetzt. [\/vc_column_text][vc_empty_space height=&#8220;24px&#8220;][vc_empty_space height=&#8220;30px&#8220;][vc_empty_space height=&#8220;30px&#8220;][\/vc_column][vc_column width=&#8220;1\/2&#8243; css=&#8220;.vc_custom_1645650899344{background-color: #ffffff !important;}&#8220;][vc_column_text][\/vc_column_text][vc_empty_space height=&#8220;30px&#8220;][\/vc_column][\/vc_row][vc_row css_animation=&#8220;&#8220; row_type=&#8220;row&#8220; use_row_as_full_screen_section=&#8220;no&#8220; type=&#8220;grid&#8220; angled_section=&#8220;no&#8220; text_align=&#8220;left&#8220; background_image_as_pattern=&#8220;without_pattern&#8220; bg_type=&#8220;bg_color&#8220;<\/p>\n","protected":false},"author":15,"featured_media":0,"parent":0,"menu_order":0,"comment_status":"closed","ping_status":"closed","template":"full_width.php","meta":{"give_campaign_id":0,"footnotes":""},"categories":[],"tags":[],"wf_page_folders":[18],"class_list":["post-5603","page","type-page","status-publish","hentry"],"campaignId":"","_links":{"self":[{"href":"https:\/\/gsa.swiss\/de\/wp-json\/wp\/v2\/pages\/5603","targetHints":{"allow":["GET"]}}],"collection":[{"href":"https:\/\/gsa.swiss\/de\/wp-json\/wp\/v2\/pages"}],"about":[{"href":"https:\/\/gsa.swiss\/de\/wp-json\/wp\/v2\/types\/page"}],"author":[{"embeddable":true,"href":"https:\/\/gsa.swiss\/de\/wp-json\/wp\/v2\/users\/15"}],"replies":[{"embeddable":true,"href":"https:\/\/gsa.swiss\/de\/wp-json\/wp\/v2\/comments?post=5603"}],"version-history":[{"count":0,"href":"https:\/\/gsa.swiss\/de\/wp-json\/wp\/v2\/pages\/5603\/revisions"}],"wp:attachment":[{"href":"https:\/\/gsa.swiss\/de\/wp-json\/wp\/v2\/media?parent=5603"}],"wp:term":[{"taxonomy":"category","embeddable":true,"href":"https:\/\/gsa.swiss\/de\/wp-json\/wp\/v2\/categories?post=5603"},{"taxonomy":"post_tag","embeddable":true,"href":"https:\/\/gsa.swiss\/de\/wp-json\/wp\/v2\/tags?post=5603"},{"taxonomy":"wf_page_folders","embeddable":true,"href":"https:\/\/gsa.swiss\/de\/wp-json\/wp\/v2\/wf_page_folders?post=5603"}],"curies":[{"name":"wp","href":"https:\/\/api.w.org\/{rel}","templated":true}]}}