{"id":5610,"date":"2021-01-06T01:38:06","date_gmt":"2021-01-05T23:38:06","guid":{"rendered":"https:\/\/gsa.swiss\/join\/"},"modified":"2022-03-28T14:11:02","modified_gmt":"2022-03-28T12:11:02","slug":"join","status":"publish","type":"page","link":"https:\/\/gsa.swiss\/de\/join\/","title":{"rendered":"MITMACHEN"},"content":{"rendered":"<div class=\"wpb-content-wrapper\"><p>[vc_row css_animation=&#8220;&#8220; row_type=&#8220;row&#8220; use_row_as_full_screen_section=&#8220;no&#8220; type=&#8220;grid&#8220; angled_section=&#8220;no&#8220; text_align=&#8220;left&#8220; background_image_as_pattern=&#8220;with_pattern&#8220; bg_type=&#8220;bg_color&#8220; bg_override=&#8220;full&#8220; z_index=&#8220;&#8220; background_image=&#8220;4494&#8243; css=&#8220;.vc_custom_1621198637643{background-image: url(https:\/\/gsa.swiss\/wp-content\/uploads\/2021\/02\/shutterstock_1862931925-2.jpg?id=4494) !important;}&#8220;][vc_column][vc_empty_space height=&#8220;120px&#8220;][vc_empty_space height=&#8220;120px&#8220;][\/vc_column][\/vc_row][vc_row css_animation=&#8220;&#8220; row_type=&#8220;row&#8220; use_row_as_full_screen_section=&#8220;no&#8220; type=&#8220;grid&#8220; angled_section=&#8220;no&#8220; text_align=&#8220;left&#8220; background_image_as_pattern=&#8220;without_pattern&#8220; bg_type=&#8220;bg_color&#8220; bg_override=&#8220;full&#8220; z_index=&#8220;&#8220; background_color=&#8220;#ffffff&#8220;][vc_column][vc_empty_space][\/vc_column][\/vc_row][vc_row css_animation=&#8220;&#8220; row_type=&#8220;row&#8220; use_row_as_full_screen_section=&#8220;no&#8220; type=&#8220;grid&#8220; angled_section=&#8220;no&#8220; text_align=&#8220;left&#8220; background_image_as_pattern=&#8220;without_pattern&#8220; bg_type=&#8220;bg_color&#8220; bg_override=&#8220;full&#8220; z_index=&#8220;&#8220; background_color=&#8220;#ffffff&#8220;][vc_column][vc_column_text]<\/p>\n<h1 style=\"text-align: center;\"><strong><span style=\"color: #fdb321;\">Macht der Menschen<\/span><\/strong><\/h1>\n<p>[\/vc_column_text][vc_empty_space height=&#8220;18px&#8220;]<div data-id=\"mpc_divider-1269fde317be22e\" class=\"mpc-divider-wrap\"><div class=\"mpc-divider mpc-init mpc-align--center mpc-disable--left \" ><div class=\"mpc-divider__line mpc-side--left\"><span><\/span><\/div><div class=\"mpc-divider__line mpc-side--right\"><span><\/span><\/div><\/div><\/div>[vc_empty_space][vc_column_text]<\/p>\n<h5 style=\"text-align: center;\">Hier kommen Sie ins Spiel. Wenn Sie Gerechtigkeit f\u00fcr Armenien, bessere internationale Beziehungen und eine st\u00e4rkere Stimme Armeniens wollen, dann lassen Sie uns dies gemeinsam tun. Wenn Sie Leidenschaft, Ideen und Ideale haben, wollen wir gemeinsam tr\u00e4umen, gemeinsam planen und gemeinsam handeln.<\/h5>\n<p>[\/vc_column_text][\/vc_column][\/vc_row][vc_row css_animation=&#8220;&#8220; row_type=&#8220;row&#8220; use_row_as_full_screen_section=&#8220;no&#8220; type=&#8220;grid&#8220; angled_section=&#8220;no&#8220; text_align=&#8220;left&#8220; background_image_as_pattern=&#8220;without_pattern&#8220; bg_type=&#8220;bg_color&#8220; bg_override=&#8220;full&#8220; z_index=&#8220;&#8220; background_color=&#8220;#ffffff&#8220; anchor=&#8220;volunteer&#8220;][vc_column][vc_empty_space height=&#8220;48px&#8220;][\/vc_column][\/vc_row][vc_row css_animation=&#8220;&#8220; row_type=&#8220;row&#8220; use_row_as_full_screen_section=&#8220;no&#8220; type=&#8220;grid&#8220; angled_section=&#8220;no&#8220; text_align=&#8220;left&#8220; background_image_as_pattern=&#8220;without_pattern&#8220; bg_type=&#8220;bg_color&#8220; bg_override=&#8220;full&#8220; z_index=&#8220;&#8220; css=&#8220;.vc_custom_1609893388720{background-color: #1a535c !important;}&#8220;][vc_column width=&#8220;2\/3&#8243;][vc_empty_space height=&#8220;20px&#8220;][vc_column_text css=&#8220;.vc_custom_1609893178277{padding-top: 5% !important;}&#8220;]<\/p>\n<h1><strong><span style=\"color: #ffffff;\">Ehrenamtliche Mitarbeit<\/span><\/strong><\/h1>\n<p>[\/vc_column_text][vc_empty_space height=&#8220;18px&#8220;][vc_column_text css=&#8220;.vc_custom_1609893672211{padding-bottom: 20px !important;}&#8220;]<\/p>\n<h5><span style=\"color: #ffffff;\">Sind Sie bereit, aktiv zu werden? Wir sind eine Basisorganisation, die nach motivierten und talentierten Menschen sucht, die helfen, armenische Interessen in der Schweiz zu unterst\u00fctzen.<\/span><\/h5>\n<p>[\/vc_column_text][vc_empty_space height=&#8220;20px&#8220;][vc_empty_space height=&#8220;20px&#8220;][\/vc_column][vc_column width=&#8220;1\/3&#8243;][vc_empty_space height=&#8220;20px&#8220;]<div class=\" vc_custom_1615673484022 ubtn-ctn-center \"><a class=\"ubtn-link ult-adjust-bottom-margin ubtn-center ubtn-normal \" href=\"mailto:info@schweiz-armenien.ch?subject=Volunteer Request via Website&body=Hello, I would like more information about volunteer opportunities with the GSA. My name, contact information, and motivation for supporting the GSA are below ->\" ><button type=\"button\" id=\"ubtn-8224\"  class=\"ubtn ult-adjust-bottom-margin ult-responsive ubtn-normal ubtn-no-hover-bg  none  ubtn-center   tooltip-69fde317be2be\"  data-hover=\"#ffffff\" data-border-color=\"\" data-bg=\"#fdb321\" data-hover-bg=\"#4ecdc4\" data-border-hover=\"\" data-shadow-hover=\"\" data-shadow-click=\"none\" data-shadow=\"\" data-shd-shadow=\"\"  data-ultimate-target='#ubtn-8224'  data-responsive-json-new='{\"font-size\":\"desktop:18px;\",\"line-height\":\"\"}'  style=\"font-family:&#039;Nunito Sans&#039;;font-weight:700;border:none;background: #fdb321;color: #ffffff;\"><span class=\"ubtn-hover\" style=\"background-color:#4ecdc4\"><\/span><span class=\"ubtn-data ubtn-text \" >Handeln<\/span><\/button><\/a><\/div>[vc_empty_space height=&#8220;15px&#8220;][\/vc_column][\/vc_row][vc_row css_animation=&#8220;&#8220; row_type=&#8220;row&#8220; use_row_as_full_screen_section=&#8220;no&#8220; type=&#8220;grid&#8220; angled_section=&#8220;no&#8220; text_align=&#8220;left&#8220; background_image_as_pattern=&#8220;without_pattern&#8220; bg_type=&#8220;bg_color&#8220; bg_override=&#8220;full&#8220; z_index=&#8220;&#8220; css=&#8220;.vc_custom_1613743516074{background-color: #4ecdc4 !important;}&#8220; anchor=&#8220;events&#8220;][vc_column width=&#8220;2\/3&#8243;][vc_empty_space height=&#8220;20px&#8220;][vc_column_text css=&#8220;.vc_custom_1609893230746{padding-top: 5% !important;}&#8220;]<\/p>\n<h1><strong><span style=\"color: #ffffff;\">Anl\u00e4sse<\/span><\/strong><\/h1>\n<p>[\/vc_column_text][vc_empty_space height=&#8220;18px&#8220;][vc_column_text css=&#8220;.vc_custom_1609893697151{padding-bottom: 20px !important;}&#8220;]<\/p>\n<h5><span style=\"color: #ffffff;\">Tragen Sie sich in unsere Mailingliste ein, um Veranstaltungen zu entdecken und eine aktive Rolle beim Erreichen von Fortschritt f\u00fcr Armenien zu spielen.<\/span><\/h5>\n<p>[\/vc_column_text][vc_empty_space height=&#8220;20px&#8220;][vc_empty_space height=&#8220;20px&#8220;][\/vc_column][vc_column width=&#8220;1\/3&#8243;][vc_empty_space height=&#8220;20px&#8220;]<div class=\" vc_custom_1615674332308 ubtn-ctn-center anchor\"><a class=\"ubtn-link ult-adjust-bottom-margin ubtn-center ubtn-normal anchor\" href=\"http:\/\/gsa.swiss\/join\/#mailing-list\" title=\"Join Us\" ><button type=\"button\" id=\"ubtn-6124\"  class=\"ubtn ult-adjust-bottom-margin ult-responsive ubtn-normal ubtn-no-hover-bg  none  ubtn-center   tooltip-69fde317be3d9\"  data-hover=\"#ffffff\" data-border-color=\"\" data-bg=\"#fdb321\" data-hover-bg=\"#1a535c\" data-border-hover=\"\" data-shadow-hover=\"\" data-shadow-click=\"none\" data-shadow=\"\" data-shd-shadow=\"\"  data-ultimate-target='#ubtn-6124'  data-responsive-json-new='{\"font-size\":\"desktop:18px;\",\"line-height\":\"\"}'  style=\"font-family:&#039;Nunito Sans&#039;;font-weight:700;border:none;background: #fdb321;color: #ffffff;\"><span class=\"ubtn-hover\" style=\"background-color:#1a535c\"><\/span><span class=\"ubtn-data ubtn-text \" >UNTERSCHREIBEN<\/span><\/button><\/a><\/div>[vc_empty_space height=&#8220;15px&#8220;][\/vc_column][\/vc_row][vc_row css_animation=&#8220;&#8220; row_type=&#8220;row&#8220; use_row_as_full_screen_section=&#8220;no&#8220; type=&#8220;grid&#8220; angled_section=&#8220;no&#8220; text_align=&#8220;left&#8220; background_image_as_pattern=&#8220;without_pattern&#8220; bg_type=&#8220;bg_color&#8220; bg_override=&#8220;full&#8220; z_index=&#8220;&#8220; css=&#8220;.vc_custom_1613743469591{background-color: #f7fff7 !important;}&#8220; anchor=&#8220;follow&#8220;][vc_column width=&#8220;2\/3&#8243;][vc_empty_space height=&#8220;20px&#8220;][vc_column_text css=&#8220;.vc_custom_1609893734098{padding-top: 5% !important;}&#8220;]<\/p>\n<h1><span style=\"color: #0d302d;\"><strong>Folgen Sie uns<\/strong><\/span><\/h1>\n<p>[\/vc_column_text][vc_empty_space height=&#8220;18px&#8220;][vc_column_text css=&#8220;.vc_custom_1609893745729{padding-bottom: 20px !important;}&#8220;]<\/p>\n<h5><span style=\"color: #0d302d;\">Folgen Sie uns in den sozialen Medien, um die neuesten Nachrichten, Updates zu Veranstaltungen und Aktivit\u00e4ten zu erhalten und sich mit inspirierenden Menschen in unserer Gemeinschaft zu verbinden.<\/span><\/h5>\n<p>[\/vc_column_text][vc_empty_space height=&#8220;20px&#8220;][vc_empty_space height=&#8220;20px&#8220;][\/vc_column][vc_column width=&#8220;1\/3&#8243;][vc_empty_space height=&#8220;20px&#8220;]<div class=\" vc_custom_1615672604716 ubtn-ctn-center \"><a class=\"ubtn-link ult-adjust-bottom-margin ubtn-center ubtn-normal \" href=\"https:\/\/www.facebook.com\/SwitzerlandArmeniaAssociation\/\" target=\"_blank\" rel=\"nofollow  noopener\"><button type=\"button\" id=\"ubtn-2148\"  class=\"ubtn ult-adjust-bottom-margin ult-responsive ubtn-normal ubtn-no-hover-bg  none  ubtn-center   tooltip-69fde317be459\"  data-hover=\"#ffffff\" data-border-color=\"\" data-bg=\"#fdb321\" data-hover-bg=\"#240505\" data-border-hover=\"\" data-shadow-hover=\"\" data-shadow-click=\"none\" data-shadow=\"\" data-shd-shadow=\"\"  data-ultimate-target='#ubtn-2148'  data-responsive-json-new='{\"font-size\":\"desktop:18px;\",\"line-height\":\"\"}'  style=\"font-family:&#039;Nunito Sans&#039;;font-weight:700;border:none;background: #fdb321;color: #ffffff;\"><span class=\"ubtn-hover\" style=\"background-color:#240505\"><\/span><span class=\"ubtn-data ubtn-text \" >MITMACHEN<\/span><\/button><\/a><\/div>[vc_empty_space height=&#8220;15px&#8220;][\/vc_column][\/vc_row][vc_row css_animation=&#8220;&#8220; row_type=&#8220;row&#8220; use_row_as_full_screen_section=&#8220;no&#8220; type=&#8220;grid&#8220; angled_section=&#8220;no&#8220; text_align=&#8220;left&#8220; background_image_as_pattern=&#8220;without_pattern&#8220; bg_type=&#8220;bg_color&#8220; bg_override=&#8220;full&#8220; z_index=&#8220;&#8220; css=&#8220;.vc_custom_1613743419059{background-color: #5a455e !important;}&#8220; anchor=&#8220;donate&#8220;][vc_column width=&#8220;2\/3&#8243;][vc_empty_space height=&#8220;20px&#8220;][vc_column_text css=&#8220;.vc_custom_1609893295751{padding-top: 5% !important;}&#8220;]<\/p>\n<h1><strong><span style=\"color: #ffffff;\">Spenden Sie<\/span><\/strong><\/h1>\n<p>[\/vc_column_text][vc_empty_space height=&#8220;18px&#8220;][vc_column_text css=&#8220;.vc_custom_1609893764832{padding-bottom: 20px !important;}&#8220;]<\/p>\n<h5><span style=\"color: #ffffff;\">Ihre grossz\u00fcgigen Spenden helfen uns bei der Aufkl\u00e4rung, der Organisation von Gemeinschaften, der F\u00f6rderung spezifischer Kampagnen und der Aufrechterhaltung einer bedeutenden Medienpr\u00e4senz. Gemeinsam k\u00f6nnen wir einen Unterschied machen.<\/span><\/h5>\n<p>[\/vc_column_text][vc_empty_space height=&#8220;20px&#8220;][vc_empty_space height=&#8220;20px&#8220;][\/vc_column][vc_column width=&#8220;1\/3&#8243;][vc_empty_space height=&#8220;20px&#8220;]<div class=\" vc_custom_1648469457468 ubtn-ctn-center \"><a class=\"ubtn-link ult-adjust-bottom-margin ubtn-center ubtn-normal \" href=\"https:\/\/gsa.swiss\/de\/donate-now\/\" title=\"Donate\"><button type=\"button\" id=\"ubtn-3862\"  class=\"ubtn ult-adjust-bottom-margin ult-responsive ubtn-normal ubtn-no-hover-bg  none  ubtn-center   tooltip-69fde317be4e5\"  data-hover=\"#ffffff\" data-border-color=\"\" data-bg=\"#fdb321\" data-hover-bg=\"#4ecdc4\" data-border-hover=\"\" data-shadow-hover=\"\" data-shadow-click=\"none\" data-shadow=\"\" data-shd-shadow=\"\"  data-ultimate-target='#ubtn-3862'  data-responsive-json-new='{\"font-size\":\"desktop:18px;\",\"line-height\":\"\"}'  style=\"font-family:&#039;Nunito Sans&#039;;font-weight:700;border:none;background: #fdb321;color: #ffffff;\"><span class=\"ubtn-hover\" style=\"background-color:#4ecdc4\"><\/span><span class=\"ubtn-data ubtn-text \" >UNTERST\u00dcTZEN SIE DIE GSA<\/span><\/button><\/a><\/div>[vc_empty_space height=&#8220;15px&#8220;][\/vc_column][\/vc_row][vc_row css_animation=&#8220;&#8220; row_type=&#8220;row&#8220; use_row_as_full_screen_section=&#8220;no&#8220; type=&#8220;grid&#8220; angled_section=&#8220;no&#8220; text_align=&#8220;left&#8220; background_image_as_pattern=&#8220;without_pattern&#8220; z_index=&#8220;&#8220;][vc_column][vc_empty_space][\/vc_column][\/vc_row][vc_row css_animation=&#8220;&#8220; row_type=&#8220;row&#8220; use_row_as_full_screen_section=&#8220;no&#8220; type=&#8220;grid&#8220; angled_section=&#8220;no&#8220; text_align=&#8220;left&#8220; background_image_as_pattern=&#8220;without_pattern&#8220; z_index=&#8220;&#8220; anchor=&#8220;mailing-list&#8220;][vc_column][vc_empty_space height=&#8220;45px&#8220;][\/vc_column][\/vc_row][vc_row css_animation=&#8220;&#8220; row_type=&#8220;row&#8220; use_row_as_full_screen_section=&#8220;no&#8220; type=&#8220;grid&#8220; angled_section=&#8220;no&#8220; text_align=&#8220;left&#8220; background_image_as_pattern=&#8220;without_pattern&#8220; z_index=&#8220;&#8220;][vc_column width=&#8220;1\/2&#8243;][vc_single_image image=&#8220;4427&#8243; img_size=&#8220;full&#8220; alignment=&#8220;center&#8220; qode_css_animation=&#8220;&#8220;][vc_empty_space][\/vc_column][vc_column width=&#8220;1\/2&#8243;][vc_column_text]<\/p>\n<h1 style=\"text-align: left;\"><strong><span style=\"color: #fdb321;\">Tragen Sie sich in unsere Mailingliste ein<\/span><\/strong><\/h1>\n<p>[\/vc_column_text][vc_column_text]<\/p>\n<h5 style=\"text-align: left;\"><span style=\"color: #818181;\">Verpassen Sie nie wieder eine Chance, etwas zu bewegen. Melden Sie sich jetzt an.<\/span><\/h5>\n<p>[\/vc_column_text][vc_empty_space][vc_column_text]\n<div class=\"wpcf7 no-js\" id=\"wpcf7-f5722-o1\" lang=\"de-DE\" dir=\"ltr\" data-wpcf7-id=\"5722\">\n<div class=\"screen-reader-response\"><p role=\"status\" aria-live=\"polite\" aria-atomic=\"true\"><\/p> <ul><\/ul><\/div>\n<form action=\"\/de\/wp-json\/wp\/v2\/pages\/5610#wpcf7-f5722-o1\" method=\"post\" class=\"wpcf7-form init\" aria-label=\"Kontaktformular\" novalidate=\"novalidate\" data-status=\"init\">\n<fieldset class=\"hidden-fields-container\"><input type=\"hidden\" name=\"_wpcf7\" value=\"5722\" \/><input type=\"hidden\" name=\"_wpcf7_version\" value=\"6.1.3\" \/><input type=\"hidden\" name=\"_wpcf7_locale\" value=\"de_DE\" \/><input type=\"hidden\" name=\"_wpcf7_unit_tag\" value=\"wpcf7-f5722-o1\" \/><input type=\"hidden\" name=\"_wpcf7_container_post\" value=\"0\" \/><input type=\"hidden\" name=\"_wpcf7_posted_data_hash\" value=\"\" \/><input type=\"hidden\" name=\"_wpcf7_recaptcha_response\" value=\"\" \/>\n<\/fieldset>\n<div class=\"contact-form\">\n\t<p><label>Name*<br \/>\n<span class=\"wpcf7-form-control-wrap\" data-name=\"customer-name\"><input size=\"40\" maxlength=\"400\" class=\"wpcf7-form-control wpcf7-text wpcf7-validates-as-required\" aria-required=\"true\" aria-invalid=\"false\" placeholder=\"Name\" value=\"\" type=\"text\" name=\"customer-name\" \/><\/span> <\/label><br \/>\n<label>E-Mail*<br \/>\n<span class=\"wpcf7-form-control-wrap\" data-name=\"email\"><input size=\"40\" maxlength=\"400\" class=\"wpcf7-form-control wpcf7-email wpcf7-validates-as-required wpcf7-text wpcf7-validates-as-email\" aria-required=\"true\" aria-invalid=\"false\" placeholder=\"E-Mail Adresse\" value=\"\" type=\"email\" name=\"email\" \/><\/span> <\/label><br \/>\n<input class=\"wpcf7-form-control wpcf7-submit has-spinner contact-form-button\" type=\"submit\" value=\"JETZT ANMELDEN\" \/>\n\t<\/p>\n<\/div><div class=\"wpcf7-response-output\" aria-hidden=\"true\"><\/div>\n<\/form>\n<\/div>\n[\/vc_column_text][\/vc_column][\/vc_row][vc_row css_animation=&#8220;&#8220; row_type=&#8220;row&#8220; use_row_as_full_screen_section=&#8220;no&#8220; type=&#8220;full_width&#8220; angled_section=&#8220;no&#8220; text_align=&#8220;left&#8220; background_image_as_pattern=&#8220;without_pattern&#8220;][vc_column][vc_empty_space height=&#8220;64px&#8220;][\/vc_column][\/vc_row]<\/p>\n<\/div>","protected":false},"excerpt":{"rendered":"<p>[vc_row css_animation=&#8220;&#8220; row_type=&#8220;row&#8220; use_row_as_full_screen_section=&#8220;no&#8220; type=&#8220;grid&#8220; angled_section=&#8220;no&#8220; text_align=&#8220;left&#8220; background_image_as_pattern=&#8220;with_pattern&#8220; bg_type=&#8220;bg_color&#8220; bg_override=&#8220;full&#8220; z_index=&#8220;&#8220; background_image=&#8220;4494&#8243; css=&#8220;.vc_custom_1621198637643{background-image: url(https:\/\/gsa.swiss\/wp-content\/uploads\/2021\/02\/shutterstock_1862931925-2.jpg?id=4494) !important;}&#8220;][vc_column][vc_empty_space height=&#8220;120px&#8220;][vc_empty_space height=&#8220;120px&#8220;][\/vc_column][\/vc_row][vc_row css_animation=&#8220;&#8220; row_type=&#8220;row&#8220; use_row_as_full_screen_section=&#8220;no&#8220; type=&#8220;grid&#8220; angled_section=&#8220;no&#8220; text_align=&#8220;left&#8220; background_image_as_pattern=&#8220;without_pattern&#8220; bg_type=&#8220;bg_color&#8220; bg_override=&#8220;full&#8220; z_index=&#8220;&#8220; background_color=&#8220;#ffffff&#8220;][vc_column][vc_empty_space][\/vc_column][\/vc_row][vc_row css_animation=&#8220;&#8220; row_type=&#8220;row&#8220; use_row_as_full_screen_section=&#8220;no&#8220; type=&#8220;grid&#8220; angled_section=&#8220;no&#8220; text_align=&#8220;left&#8220; background_image_as_pattern=&#8220;without_pattern&#8220; bg_type=&#8220;bg_color&#8220; bg_override=&#8220;full&#8220; z_index=&#8220;&#8220; background_color=&#8220;#ffffff&#8220;][vc_column][vc_column_text] Macht der Menschen [\/vc_column_text][vc_empty_space height=&#8220;18px&#8220;][vc_empty_space][vc_column_text] Hier<\/p>\n","protected":false},"author":15,"featured_media":0,"parent":0,"menu_order":0,"comment_status":"closed","ping_status":"closed","template":"full_width.php","meta":{"give_campaign_id":0,"footnotes":""},"categories":[],"tags":[],"wf_page_folders":[18],"class_list":["post-5610","page","type-page","status-publish","hentry"],"campaignId":"","_links":{"self":[{"href":"https:\/\/gsa.swiss\/de\/wp-json\/wp\/v2\/pages\/5610","targetHints":{"allow":["GET"]}}],"collection":[{"href":"https:\/\/gsa.swiss\/de\/wp-json\/wp\/v2\/pages"}],"about":[{"href":"https:\/\/gsa.swiss\/de\/wp-json\/wp\/v2\/types\/page"}],"author":[{"embeddable":true,"href":"https:\/\/gsa.swiss\/de\/wp-json\/wp\/v2\/users\/15"}],"replies":[{"embeddable":true,"href":"https:\/\/gsa.swiss\/de\/wp-json\/wp\/v2\/comments?post=5610"}],"version-history":[{"count":0,"href":"https:\/\/gsa.swiss\/de\/wp-json\/wp\/v2\/pages\/5610\/revisions"}],"wp:attachment":[{"href":"https:\/\/gsa.swiss\/de\/wp-json\/wp\/v2\/media?parent=5610"}],"wp:term":[{"taxonomy":"category","embeddable":true,"href":"https:\/\/gsa.swiss\/de\/wp-json\/wp\/v2\/categories?post=5610"},{"taxonomy":"post_tag","embeddable":true,"href":"https:\/\/gsa.swiss\/de\/wp-json\/wp\/v2\/tags?post=5610"},{"taxonomy":"wf_page_folders","embeddable":true,"href":"https:\/\/gsa.swiss\/de\/wp-json\/wp\/v2\/wf_page_folders?post=5610"}],"curies":[{"name":"wp","href":"https:\/\/api.w.org\/{rel}","templated":true}]}}