{"id":5625,"date":"2019-02-01T13:14:03","date_gmt":"2019-02-01T11:14:03","guid":{"rendered":"https:\/\/gsa.swiss\/impressum\/"},"modified":"2021-11-05T03:47:35","modified_gmt":"2021-11-05T01:47:35","slug":"impressum","status":"publish","type":"page","link":"https:\/\/gsa.swiss\/de\/impressum\/","title":{"rendered":"Impressum"},"content":{"rendered":"<div class=\"wpb-content-wrapper\"><p>[vc_row css_animation=&#8220;&#8220; row_type=&#8220;row&#8220; use_row_as_full_screen_section=&#8220;no&#8220; type=&#8220;grid&#8220; angled_section=&#8220;no&#8220; text_align=&#8220;left&#8220; background_image_as_pattern=&#8220;without_pattern&#8220; z_index=&#8220;&#8220;][vc_column][vc_empty_space][vc_column_text]<\/p>\n<h2><span style=\"color: #523f38;\">Impressum<\/span><\/h2>\n<p>[\/vc_column_text]<div data-id=\"mpc_divider-9369f6269e59d25\" class=\"mpc-divider-wrap\"><div class=\"mpc-divider mpc-init mpc-align--left mpc-disable--left \" ><div class=\"mpc-divider__line mpc-side--left\"><span><\/span><\/div><div class=\"mpc-divider__line mpc-side--right\"><span><\/span><\/div><\/div><\/div>[vc_empty_space height=&#8220;18px&#8220;]<div id=\"mpc_textblock-1569f6269e59d91\" class=\"mpc-textblock mpc-init \"><p><span style=\"color: #523f38;\"><strong>Gesellschaft Schweiz Armenien (GSA)\u00a0<\/strong><\/span><br \/>\n<span style=\"color: #523f38;\">Bahnw\u00e4rterhaus<br \/>\n8472 Seuzach ZH<br \/>\nSwitzerland<\/span><\/p>\n<p><span style=\"color: #523f38;\"><strong>Contact:<\/strong><\/span><br \/>\n<span style=\"color: #523f38;\">Email: <\/span><a href=\"mailto:hello@gsa.swiss\">hello@gsa.swiss<\/a><\/p>\n<\/div>[vc_empty_space height=&#8220;24px&#8220;]<div class=\" ubtn-ctn-left \"><a class=\"ubtn-link ult-adjust-bottom-margin ubtn-left ubtn-normal \" href=\"http:\/\/gsa.swiss\/about\/#contact\" ><button type=\"button\" id=\"ubtn-3652\"  class=\"ubtn ult-adjust-bottom-margin ult-responsive ubtn-normal ubtn-fade-bg  none  ubtn-left   tooltip-69f6269e59e86\"  data-hover=\"\" data-border-color=\"\" data-bg=\"#30332e\" data-hover-bg=\"#fdb321\" data-border-hover=\"\" data-shadow-hover=\"\" data-shadow-click=\"none\" data-shadow=\"\" data-shd-shadow=\"\"  data-ultimate-target='#ubtn-3652'  data-responsive-json-new='{\"font-size\":\"\",\"line-height\":\"\"}'  style=\"font-family:&#039;Nunito Sans&#039;;font-weight:700;border:none;background: #30332e;color: #ffffff;\"><span class=\"ubtn-hover\" style=\"background-color:#fdb321\"><\/span><span class=\"ubtn-data ubtn-text \" >MITMACHEN<\/span><\/button><\/a><\/div>[vc_empty_space height=&#8220;36px&#8220;][vc_column_text]<\/p>\n<h2><span style=\"color: #523f38;\">URHEBERRECHTSHINWEIS<\/span><\/h2>\n<p>[\/vc_column_text]<div data-id=\"mpc_divider-4069f6269e59f72\" class=\"mpc-divider-wrap\"><div class=\"mpc-divider mpc-init mpc-align--left mpc-disable--left \" ><div class=\"mpc-divider__line mpc-side--left\"><span><\/span><\/div><div class=\"mpc-divider__line mpc-side--right\"><span><\/span><\/div><\/div><\/div>[vc_empty_space height=&#8220;18px&#8220;]<div id=\"mpc_textblock-4569f6269e59fac\" class=\"mpc-textblock mpc-init \"><p>Das Urheberrecht f\u00fcr diese Website liegt bei der GSA, alle Rechte vorbehalten. Die Vervielf\u00e4ltigung oder gewerbliche Nutzung der Informationen auf dieser Website ist nur mit schriftlicher Genehmigung des Autors gestattet.<\/p>\n<p>Die GSA ist bestrebt, in allen Publikationen alle anwendbaren Urheberrechte zu beachten. Sollte es trotzdem zu einer Urheberrechtsverletzung kommen, wird GSA das entsprechende Objekt nach Benachrichtigung aus seiner Publikation entfernen bzw. mit einem entsprechenden Urheberrechtshinweis versehen. Alle innerhalb des Internetangebotes genannten und ggf. durch Dritte gesch\u00fctzten Marken und Warenzeichen unterliegen uneingeschr\u00e4nkt den Bestimmungen des jeweils anwendbaren Rechts und den Nutzungsrechten der jeweiligen eingetragenen Eigent\u00fcmer. Allein aufgrund der blossen Nennung ist nicht der Schluss zu ziehen, dass Markenzeichen nicht durch Rechte Dritter gesch\u00fctzt sind. Das Urheberecht f\u00fcr die eigenen Inhalte auf der Domain gsa.swiss steht allein der GSA zu. Eine Vervielf\u00e4ltigung solcher Grafiken, Sounds oder Texte in anderen elektronischen oder gedruckten Publikationen ist ohne ausdr\u00fcckliche Zustimmung von GSA nicht gestattet. Bei unberechtigter Verwendung von Inhalten wird, vorbehaltlich der Geltendmachung von Schadensersatzanspr\u00fcchen, ein Mindesthonorar in H\u00f6he eines f\u00fcnffachen \u00fcblichen Nutzungshonorars f\u00e4llig.<\/p>\n<\/div>[vc_empty_space height=&#8220;36px&#8220;][vc_column_text]<\/p>\n<h2><span style=\"color: #523f38;\">INHALT<\/span><\/h2>\n<p>[\/vc_column_text]<div data-id=\"mpc_divider-8269f6269e5a040\" class=\"mpc-divider-wrap\"><div class=\"mpc-divider mpc-init mpc-align--left mpc-disable--left \" ><div class=\"mpc-divider__line mpc-side--left\"><span><\/span><\/div><div class=\"mpc-divider__line mpc-side--right\"><span><\/span><\/div><\/div><\/div>[vc_empty_space height=&#8220;18px&#8220;]<div id=\"mpc_textblock-6869f6269e5a071\" class=\"mpc-textblock mpc-init \"><p>Der Inhalt dieser Seiten wurde sorgf\u00e4ltig bearbeitet und \u00fcberpr\u00fcft. GSA \u00fcbernimmt jedoch keinerlei Gew\u00e4hr f\u00fcr die Aktualit\u00e4t, Korrektheit, Vollst\u00e4ndigkeit oder Qualit\u00e4t der bereitgestellten Informationen. Haftungsanspr\u00fcche gegen GSA, die sich auf Sch\u00e4den materieller oder ideeller Art beziehen, welche durch die Nutzung oder Nichtnutzung der dargebotenen Informationen oder durch fehlerhafte und unvollst\u00e4ndige Informationen verursacht wurden, sind grunds\u00e4tzlich ausgeschlossen, sofern seitens GSA kein nachweislich vors\u00e4tzliches oder grob fahrl\u00e4ssiges Verschulden vorliegt. GSA beh\u00e4lt sich ausdr\u00fccklich das Recht vor, Teile der Seite oder das gesamte Angebot ohne vorherige Ank\u00fcndigung zu ver\u00e4ndern, zu erg\u00e4nzen, zu l\u00f6schen oder die Ver\u00f6ffentlichung einzustellen.<\/p>\n<\/div>[vc_empty_space height=&#8220;36px&#8220;][vc_column_text]<\/p>\n<h2><span style=\"color: #523f38;\">Links<\/span><\/h2>\n<p>[\/vc_column_text]<div data-id=\"mpc_divider-769f6269e5a0e9\" class=\"mpc-divider-wrap\"><div class=\"mpc-divider mpc-init mpc-align--left mpc-disable--left \" ><div class=\"mpc-divider__line mpc-side--left\"><span><\/span><\/div><div class=\"mpc-divider__line mpc-side--right\"><span><\/span><\/div><\/div><\/div>[vc_empty_space height=&#8220;18px&#8220;]<div id=\"mpc_textblock-2669f6269e5a116\" class=\"mpc-textblock mpc-init \"><p>Sofern GSA direkt oder indirekt auf fremde Internetseiten verweist (&#8222;Links&#8220;), haftet GSA nur, so weit sie von den jeweiligen Inhalten genaue Kenntnis hat und es ihr technisch m\u00f6glich und zumutbar ist, die Nutzung im Falle rechtswidriger Inhalte zu verhindern. GSA erkl\u00e4rt hiermit ausdr\u00fccklich, dass zum Zeitpunkt der Linksetzung die verlinkten Seiten keine illegalen Inhalte enthalten haben. GSA hat keinerlei Einfluss auf die aktuelle und zuk\u00fcnftige Gestaltung der verlinkten Seiten. Deshalb distanziert sich GSA hiermit ausdr\u00fccklich von allen inhaltlichen \u00c4nderungen, die nach der Linkssetzung auf den verlinkten Seiten vorgenommen werden. GSA ist nicht verantwortlich f\u00fcr den Inhalt, die Verf\u00fcgbarkeit, die Richtigkeit und die Genauigkeit der verlinkten Seiten, deren Angebote, Links oder Werbeanzeigen. GSA haftet nicht f\u00fcr illegale, fehlerhafte oder unvollst\u00e4ndige Inhalte und insbesondere nicht f\u00fcr Sch\u00e4den, die durch Nutzung oder Nichtnutzung der auf den verlinkten Seiten angebotenen Informationen entstehen.<\/p>\n<\/div>[vc_empty_space height=&#8220;36px&#8220;][vc_column_text]<\/p>\n<h2><span style=\"color: #523f38;\">AUSSCHLUSS DER HAFTUNG<\/span><\/h2>\n<p>[\/vc_column_text]<div data-id=\"mpc_divider-9069f6269e5a18d\" class=\"mpc-divider-wrap\"><div class=\"mpc-divider mpc-init mpc-align--left mpc-disable--left \" ><div class=\"mpc-divider__line mpc-side--left\"><span><\/span><\/div><div class=\"mpc-divider__line mpc-side--right\"><span><\/span><\/div><\/div><\/div>[vc_empty_space height=&#8220;18px&#8220;]<div id=\"mpc_textblock-7369f6269e5a1b9\" class=\"mpc-textblock mpc-init \"><p>Dieser Haftungsausschluss (Disclaimer) ist als Teil des Internetangebotes zu betrachten, von dem aus auf diese Seite verwiesen wurde. Sofern Teile oder einzelne Formulierungen auf diesen Webseiten der geltenden Rechtslage nicht, nicht mehr oder nicht vollst\u00e4ndig entsprechen sollten, bleiben die \u00fcbrigen Teile derselben in ihrem Inhalt und ihrer G\u00fcltigkeit davon unber\u00fchrt.<\/p>\n<p>Die GSA, von der GSA beauftragte Personen, Nutzer der Website und sonstige Dritte k\u00f6nnen f\u00fcr die Bearbeitung, Erstellung und Ver\u00f6ffentlichung zus\u00e4tzlicher Inhalte und Materialien auf dieser Website verantwortlich sein.<\/p>\n<\/div>[vc_empty_space height=&#8220;48px&#8220;][\/vc_column][\/vc_row]<\/p>\n<\/div>","protected":false},"excerpt":{"rendered":"<p>[vc_row css_animation=&#8220;&#8220; row_type=&#8220;row&#8220; use_row_as_full_screen_section=&#8220;no&#8220; type=&#8220;grid&#8220; angled_section=&#8220;no&#8220; text_align=&#8220;left&#8220; background_image_as_pattern=&#8220;without_pattern&#8220; z_index=&#8220;&#8220;][vc_column][vc_empty_space][vc_column_text] Impressum [\/vc_column_text][vc_empty_space height=&#8220;18px&#8220;][vc_empty_space height=&#8220;24px&#8220;][vc_empty_space height=&#8220;36px&#8220;][vc_column_text] URHEBERRECHTSHINWEIS [\/vc_column_text][vc_empty_space height=&#8220;18px&#8220;][vc_empty_space height=&#8220;36px&#8220;][vc_column_text] INHALT [\/vc_column_text][vc_empty_space height=&#8220;18px&#8220;][vc_empty_space height=&#8220;36px&#8220;][vc_column_text] Links [\/vc_column_text][vc_empty_space height=&#8220;18px&#8220;][vc_empty_space height=&#8220;36px&#8220;][vc_column_text] AUSSCHLUSS DER HAFTUNG [\/vc_column_text][vc_empty_space height=&#8220;18px&#8220;][vc_empty_space height=&#8220;48px&#8220;][\/vc_column][\/vc_row]<\/p>\n","protected":false},"author":15,"featured_media":0,"parent":0,"menu_order":0,"comment_status":"closed","ping_status":"closed","template":"full_width.php","meta":{"give_campaign_id":0,"footnotes":""},"categories":[],"tags":[],"wf_page_folders":[18],"class_list":["post-5625","page","type-page","status-publish","hentry"],"campaignId":"","_links":{"self":[{"href":"https:\/\/gsa.swiss\/de\/wp-json\/wp\/v2\/pages\/5625","targetHints":{"allow":["GET"]}}],"collection":[{"href":"https:\/\/gsa.swiss\/de\/wp-json\/wp\/v2\/pages"}],"about":[{"href":"https:\/\/gsa.swiss\/de\/wp-json\/wp\/v2\/types\/page"}],"author":[{"embeddable":true,"href":"https:\/\/gsa.swiss\/de\/wp-json\/wp\/v2\/users\/15"}],"replies":[{"embeddable":true,"href":"https:\/\/gsa.swiss\/de\/wp-json\/wp\/v2\/comments?post=5625"}],"version-history":[{"count":0,"href":"https:\/\/gsa.swiss\/de\/wp-json\/wp\/v2\/pages\/5625\/revisions"}],"wp:attachment":[{"href":"https:\/\/gsa.swiss\/de\/wp-json\/wp\/v2\/media?parent=5625"}],"wp:term":[{"taxonomy":"category","embeddable":true,"href":"https:\/\/gsa.swiss\/de\/wp-json\/wp\/v2\/categories?post=5625"},{"taxonomy":"post_tag","embeddable":true,"href":"https:\/\/gsa.swiss\/de\/wp-json\/wp\/v2\/tags?post=5625"},{"taxonomy":"wf_page_folders","embeddable":true,"href":"https:\/\/gsa.swiss\/de\/wp-json\/wp\/v2\/wf_page_folders?post=5625"}],"curies":[{"name":"wp","href":"https:\/\/api.w.org\/{rel}","templated":true}]}}