{"id":5573,"date":"2021-02-15T00:06:50","date_gmt":"2021-02-14T22:06:50","guid":{"rendered":"https:\/\/gsa.swiss\/swiss-armenian-relations\/"},"modified":"2023-11-21T21:16:40","modified_gmt":"2023-11-21T19:16:40","slug":"swiss-armenian-relations","status":"publish","type":"page","link":"https:\/\/gsa.swiss\/fr\/issues\/swiss-armenian-relations\/","title":{"rendered":"Consolidation Des Relations Avec La Suisse"},"content":{"rendered":"<div class=\"wpb-content-wrapper\"><p>[vc_row css_animation=\u00a0\u00bb\u00a0\u00bb row_type=\u00a0\u00bbrow\u00a0\u00bb use_row_as_full_screen_section=\u00a0\u00bbno\u00a0\u00bb type=\u00a0\u00bbgrid\u00a0\u00bb angled_section=\u00a0\u00bbno\u00a0\u00bb text_align=\u00a0\u00bbleft\u00a0\u00bb background_image_as_pattern=\u00a0\u00bbwithout_pattern\u00a0\u00bb bg_type=\u00a0\u00bbbg_color\u00a0\u00bb bg_override=\u00a0\u00bbfull\u00a0\u00bb z_index=\u00a0\u00bb\u00a0\u00bb background_image=\u00a0\u00bb4379&Prime; css=\u00a0\u00bb.vc_custom_1615854941767{background-image: url(https:\/\/gsa.swiss\/wp-content\/uploads\/2021\/02\/fb-img-1609027492765-e1613848085626.jpg?id=4379) !important;}\u00a0\u00bb][vc_column][vc_empty_space height=\u00a0\u00bb120px\u00a0\u00bb][vc_empty_space height=\u00a0\u00bb120px\u00a0\u00bb][\/vc_column][\/vc_row][vc_row css_animation=\u00a0\u00bb\u00a0\u00bb row_type=\u00a0\u00bbrow\u00a0\u00bb use_row_as_full_screen_section=\u00a0\u00bbno\u00a0\u00bb type=\u00a0\u00bbgrid\u00a0\u00bb angled_section=\u00a0\u00bbno\u00a0\u00bb text_align=\u00a0\u00bbleft\u00a0\u00bb background_image_as_pattern=\u00a0\u00bbwithout_pattern\u00a0\u00bb bg_type=\u00a0\u00bbbg_color\u00a0\u00bb bg_override=\u00a0\u00bbfull\u00a0\u00bb z_index=\u00a0\u00bb\u00a0\u00bb][vc_column][vc_empty_space][\/vc_column][\/vc_row][vc_row css_animation=\u00a0\u00bb\u00a0\u00bb row_type=\u00a0\u00bbrow\u00a0\u00bb use_row_as_full_screen_section=\u00a0\u00bbno\u00a0\u00bb type=\u00a0\u00bbgrid\u00a0\u00bb angled_section=\u00a0\u00bbno\u00a0\u00bb text_align=\u00a0\u00bbleft\u00a0\u00bb background_image_as_pattern=\u00a0\u00bbwithout_pattern\u00a0\u00bb bg_type=\u00a0\u00bbbg_color\u00a0\u00bb bg_override=\u00a0\u00bbfull\u00a0\u00bb z_index=\u00a0\u00bb\u00a0\u00bb anchor=\u00a0\u00bbprofile\u00a0\u00bb][vc_column][vc_column_text]<\/p>\n<h1 style=\"text-align: center;\"><span style=\"color: #fdb321;\"><strong>Am\u00e9liorer les relations entre<br \/>\nSuisse &amp; Arm\u00e9nie<\/strong><\/span><\/h1>\n<p>[\/vc_column_text][vc_empty_space height=\u00a0\u00bb18px\u00a0\u00bb]<div data-id=\"mpc_divider-9569e35c4f688c1\" class=\"mpc-divider-wrap\"><div class=\"mpc-divider mpc-init mpc-align--center mpc-disable--left \" ><div class=\"mpc-divider__line mpc-side--left\"><span><\/span><\/div><div class=\"mpc-divider__line mpc-side--right\"><span><\/span><\/div><\/div><\/div>[vc_empty_space][vc_column_text]<\/p>\n<h5 style=\"text-align: center;\">Nous favorisons et encourageons les relations amicales entre la Suisse et l&rsquo;Arm\u00e9nie dans les domaines culturel, \u00e9conomique, social et politique. Parmi les points forts de nos activit\u00e9s, citons la cr\u00e9ation du groupe d&rsquo;amiti\u00e9 parlementaire Suisse-Arm\u00e9nie (PGArm), les visites bilat\u00e9rales de d\u00e9l\u00e9gations \u00e9trang\u00e8res et la cr\u00e9ation de la Chambre de commerce Suisse-Arm\u00e9nie pour faciliter les affaires internationales.<\/h5>\n<p>[\/vc_column_text][\/vc_column][\/vc_row][vc_row css_animation=\u00a0\u00bb\u00a0\u00bb row_type=\u00a0\u00bbrow\u00a0\u00bb use_row_as_full_screen_section=\u00a0\u00bbno\u00a0\u00bb type=\u00a0\u00bbgrid\u00a0\u00bb angled_section=\u00a0\u00bbno\u00a0\u00bb text_align=\u00a0\u00bbleft\u00a0\u00bb background_image_as_pattern=\u00a0\u00bbwithout_pattern\u00a0\u00bb bg_type=\u00a0\u00bbbg_color\u00a0\u00bb bg_override=\u00a0\u00bbfull\u00a0\u00bb z_index=\u00a0\u00bb\u00a0\u00bb][vc_column][vc_empty_space height=\u00a0\u00bb48px\u00a0\u00bb][\/vc_column][\/vc_row][vc_row css_animation=\u00a0\u00bb\u00a0\u00bb row_type=\u00a0\u00bbrow\u00a0\u00bb use_row_as_full_screen_section=\u00a0\u00bbno\u00a0\u00bb type=\u00a0\u00bbgrid\u00a0\u00bb angled_section=\u00a0\u00bbno\u00a0\u00bb text_align=\u00a0\u00bbleft\u00a0\u00bb background_image_as_pattern=\u00a0\u00bbwithout_pattern\u00a0\u00bb bg_type=\u00a0\u00bbbg_color\u00a0\u00bb bg_override=\u00a0\u00bbfull\u00a0\u00bb z_index=\u00a0\u00bb\u00a0\u00bb background_color=\u00a0\u00bb#ffffff\u00a0\u00bb css=\u00a0\u00bb.vc_custom_1609891011282{background-color: #5a455e !important;}\u00a0\u00bb][vc_column][vc_empty_space][\/vc_column][\/vc_row][vc_row css_animation=\u00a0\u00bb\u00a0\u00bb row_type=\u00a0\u00bbrow\u00a0\u00bb use_row_as_full_screen_section=\u00a0\u00bbno\u00a0\u00bb type=\u00a0\u00bbgrid\u00a0\u00bb angled_section=\u00a0\u00bbno\u00a0\u00bb text_align=\u00a0\u00bbleft\u00a0\u00bb background_image_as_pattern=\u00a0\u00bbwithout_pattern\u00a0\u00bb bg_type=\u00a0\u00bbbg_color\u00a0\u00bb bg_override=\u00a0\u00bbfull\u00a0\u00bb z_index=\u00a0\u00bb\u00a0\u00bb background_color=\u00a0\u00bb#ffffff\u00a0\u00bb css=\u00a0\u00bb.vc_custom_1609891021980{background-color: #5a455e !important;}\u00a0\u00bb][vc_column width=\u00a0\u00bb1\/3&Prime;][vc_column_text]<\/p>\n<h2><span style=\"color: #cfedf2;\"><strong>Valeurs communes, objectifs communs<\/strong><\/span><\/h2>\n<p>[\/vc_column_text][vc_empty_space height=\u00a0\u00bb18px\u00a0\u00bb]<div data-id=\"mpc_divider-1269e35c4f68941\" class=\"mpc-divider-wrap\"><div class=\"mpc-divider mpc-init mpc-align--left mpc-disable--left \" ><div class=\"mpc-divider__line mpc-side--left\"><span><\/span><\/div><div class=\"mpc-divider__line mpc-side--right\"><span><\/span><\/div><\/div><\/div>[vc_empty_space][\/vc_column][vc_column width=\u00a0\u00bb2\/3&Prime;][vc_column_text]<span style=\"color: #ffffff;\">Le but de l\u2019Association Suisse-Arm\u00e9nie (ASA) est de favoriser et de promouvoir les relations amicales entre la Suisse et l&rsquo;Arm\u00e9nie dans les domaines culturel, \u00e9conomique, social et politique.<\/span><\/p>\n<p>&nbsp;<\/p>\n<p><span style=\"color: #ffffff;\">A travers nos projets, l\u2019ASA renforce les \u00e9changes entre la population suisse et arm\u00e9nienne et la compr\u00e9hension mutuelle de la culture et de l&rsquo;histoire des deux pays.<\/span><\/p>\n<p>&nbsp;<\/p>\n<p><span style=\"color: #ffffff;\">L\u2019ASA prend position sur les questions politiques actuelles li\u00e9es \u00e0 l&rsquo;Arm\u00e9nie et soutient les projets qui contribuent \u00e0 une meilleure compr\u00e9hension de l&rsquo;h\u00e9ritage historique et culturel de l&rsquo;Arm\u00e9nie en Suisse. Nous nous effor\u00e7ons \u00e9galement de donner des impulsions politiques et \u00e9conomiques depuis la Suisse qui peuvent tomber sur un terrain fertile en Arm\u00e9nie.<\/span><\/p>\n<p>&nbsp;<\/p>\n<p><span style=\"color: #ffffff;\">Nous sommes convaincus que les deux petits \u00c9tats peuvent b\u00e9n\u00e9ficier consid\u00e9rablement de l&rsquo;\u00e9change mutuel de connaissances et d&rsquo;exp\u00e9riences et que la Suisse, avec sa longue tradition d\u00e9mocratique et humanitaire, peut jouer un r\u00f4le important dans le d\u00e9veloppement de la stabilit\u00e9 politique et de la prosp\u00e9rit\u00e9 \u00e9conomique en Arm\u00e9nie.<\/span><\/p>\n<p>&nbsp;<\/p>\n<p><span style=\"color: #ffffff;\">La Suisse est le deuxi\u00e8me plus grand importateur de produits arm\u00e9niens (apr\u00e8s la Russie) et le onzi\u00e8me plus grand exportateur de marchandises vers l&rsquo;Arm\u00e9nie. La Suisse exporte principalement des produits pharmaceutiques et des machines et importe des produits horlogers et des textiles. L\u2019ASA a contribu\u00e9 \u00e0 la cr\u00e9ation de la Chambre de commerce Suisse-Arm\u00e9nie \u00e0 Baar en 2017.<\/span><\/p>\n<p>&nbsp;<\/p>\n<p><span style=\"color: #ffffff;\">L\u2019ASA a \u00e9galement contribu\u00e9 \u00e0 l&rsquo;organisation de visites de d\u00e9l\u00e9gations bilat\u00e9rales, comme la visite du pr\u00e9sident du Conseil national Dominique de Buman en Arm\u00e9nie en 2018 et celle du Premier ministre arm\u00e9nien Nikol Pashinyan en Suisse en 2019.<\/span>[\/vc_column_text][\/vc_column][\/vc_row][vc_row css_animation=\u00a0\u00bb\u00a0\u00bb row_type=\u00a0\u00bbrow\u00a0\u00bb use_row_as_full_screen_section=\u00a0\u00bbno\u00a0\u00bb type=\u00a0\u00bbgrid\u00a0\u00bb angled_section=\u00a0\u00bbno\u00a0\u00bb text_align=\u00a0\u00bbleft\u00a0\u00bb background_image_as_pattern=\u00a0\u00bbwithout_pattern\u00a0\u00bb bg_type=\u00a0\u00bbbg_color\u00a0\u00bb bg_override=\u00a0\u00bbfull\u00a0\u00bb z_index=\u00a0\u00bb\u00a0\u00bb background_color=\u00a0\u00bb#ffffff\u00a0\u00bb css=\u00a0\u00bb.vc_custom_1609891068589{background-color: #5a455e !important;}\u00a0\u00bb][vc_column][vc_empty_space][\/vc_column][\/vc_row][vc_row css_animation=\u00a0\u00bb\u00a0\u00bb row_type=\u00a0\u00bbrow\u00a0\u00bb use_row_as_full_screen_section=\u00a0\u00bbno\u00a0\u00bb type=\u00a0\u00bbgrid\u00a0\u00bb angled_section=\u00a0\u00bbno\u00a0\u00bb text_align=\u00a0\u00bbleft\u00a0\u00bb background_image_as_pattern=\u00a0\u00bbwithout_pattern\u00a0\u00bb bg_type=\u00a0\u00bbbg_color\u00a0\u00bb bg_override=\u00a0\u00bbfull\u00a0\u00bb z_index=\u00a0\u00bb\u00a0\u00bb background_color=\u00a0\u00bb#ffffff\u00a0\u00bb css=\u00a0\u00bb.vc_custom_1609891119217{background-color: #4ecdc4 !important;}\u00a0\u00bb][vc_column][vc_empty_space][\/vc_column][\/vc_row][vc_row css_animation=\u00a0\u00bb\u00a0\u00bb row_type=\u00a0\u00bbrow\u00a0\u00bb use_row_as_full_screen_section=\u00a0\u00bbno\u00a0\u00bb type=\u00a0\u00bbgrid\u00a0\u00bb angled_section=\u00a0\u00bbno\u00a0\u00bb text_align=\u00a0\u00bbleft\u00a0\u00bb background_image_as_pattern=\u00a0\u00bbwithout_pattern\u00a0\u00bb bg_type=\u00a0\u00bbbg_color\u00a0\u00bb bg_override=\u00a0\u00bbfull\u00a0\u00bb z_index=\u00a0\u00bb\u00a0\u00bb background_color=\u00a0\u00bb#ffffff\u00a0\u00bb css=\u00a0\u00bb.vc_custom_1609891129295{background-color: #4ecdc4 !important;}\u00a0\u00bb][vc_column width=\u00a0\u00bb1\/3&Prime;][vc_column_text]<\/p>\n<h2><span style=\"color: #1a535c;\"><strong>Nos actions<\/strong><\/span><\/h2>\n<p>[\/vc_column_text][vc_empty_space height=\u00a0\u00bb18px\u00a0\u00bb]<div data-id=\"mpc_divider-4869e35c4f68987\" class=\"mpc-divider-wrap\"><div class=\"mpc-divider mpc-init mpc-align--left mpc-disable--left \" ><div class=\"mpc-divider__line mpc-side--left\"><span><\/span><\/div><div class=\"mpc-divider__line mpc-side--right\"><span><\/span><\/div><\/div><\/div>[vc_empty_space][\/vc_column][vc_column width=\u00a0\u00bb2\/3&Prime;][vc_column_text]<span style=\"color: #ffffff;\">L\u2019Association Suisse-Arm\u00e9nie (ASA) d\u00e9veloppe les relations \u00e9conomiques bilat\u00e9rales entre les deux \u00c9tats, soutient et encourage activement le droit \u00e0 l&rsquo;autod\u00e9termination des Arm\u00e9niens du Haut-Karabagh aux niveaux f\u00e9d\u00e9ral, cantonal et r\u00e9gional. Nous contribuons au dialogue public et politique afin de sensibiliser le public aux probl\u00e9matiques de l&rsquo;Arm\u00e9nie, notamment la guerre de l&rsquo;automne 2020, et nous encourageons les \u00e9changes culturels et la compr\u00e9hension par le biais de programmes et d&rsquo;\u00e9v\u00e9nements \u00e9ducatifs.<\/span>[\/vc_column_text][\/vc_column][\/vc_row][vc_row css_animation=\u00a0\u00bb\u00a0\u00bb row_type=\u00a0\u00bbrow\u00a0\u00bb use_row_as_full_screen_section=\u00a0\u00bbno\u00a0\u00bb type=\u00a0\u00bbgrid\u00a0\u00bb angled_section=\u00a0\u00bbno\u00a0\u00bb text_align=\u00a0\u00bbleft\u00a0\u00bb background_image_as_pattern=\u00a0\u00bbwithout_pattern\u00a0\u00bb bg_type=\u00a0\u00bbbg_color\u00a0\u00bb bg_override=\u00a0\u00bbfull\u00a0\u00bb z_index=\u00a0\u00bb\u00a0\u00bb background_color=\u00a0\u00bb#ffffff\u00a0\u00bb css=\u00a0\u00bb.vc_custom_1609891139601{background-color: #4ecdc4 !important;}\u00a0\u00bb][vc_column][vc_empty_space height=\u00a0\u00bb48px\u00a0\u00bb][\/vc_column][\/vc_row][vc_row css_animation=\u00a0\u00bb\u00a0\u00bb row_type=\u00a0\u00bbrow\u00a0\u00bb use_row_as_full_screen_section=\u00a0\u00bbno\u00a0\u00bb type=\u00a0\u00bbgrid\u00a0\u00bb angled_section=\u00a0\u00bbno\u00a0\u00bb text_align=\u00a0\u00bbleft\u00a0\u00bb background_image_as_pattern=\u00a0\u00bbwithout_pattern\u00a0\u00bb bg_type=\u00a0\u00bbbg_color\u00a0\u00bb bg_override=\u00a0\u00bbfull\u00a0\u00bb z_index=\u00a0\u00bb\u00a0\u00bb background_color=\u00a0\u00bb#ffffff\u00a0\u00bb css=\u00a0\u00bb.vc_custom_1615848381162{background-color: #f7fff7 !important;}\u00a0\u00bb][vc_column][vc_empty_space height=\u00a0\u00bb48px\u00a0\u00bb][\/vc_column][\/vc_row][vc_row css_animation=\u00a0\u00bb\u00a0\u00bb row_type=\u00a0\u00bbrow\u00a0\u00bb use_row_as_full_screen_section=\u00a0\u00bbno\u00a0\u00bb type=\u00a0\u00bbgrid\u00a0\u00bb angled_section=\u00a0\u00bbno\u00a0\u00bb text_align=\u00a0\u00bbleft\u00a0\u00bb background_image_as_pattern=\u00a0\u00bbwithout_pattern\u00a0\u00bb bg_type=\u00a0\u00bbbg_color\u00a0\u00bb bg_override=\u00a0\u00bbfull\u00a0\u00bb z_index=\u00a0\u00bb\u00a0\u00bb background_color=\u00a0\u00bb#ffffff\u00a0\u00bb css=\u00a0\u00bb.vc_custom_1615848396428{background-color: #f7fff7 !important;}\u00a0\u00bb][vc_column width=\u00a0\u00bb1\/3&Prime;][vc_column_text]<\/p>\n<h2><span style=\"color: #001400;\"><strong>Articles et liens<\/strong><\/span><\/h2>\n<p>[\/vc_column_text][vc_empty_space height=\u00a0\u00bb18px\u00a0\u00bb]<div data-id=\"mpc_divider-4669e35c4f689ca\" class=\"mpc-divider-wrap\"><div class=\"mpc-divider mpc-init mpc-align--left mpc-disable--left \" ><div class=\"mpc-divider__line mpc-side--left\"><span><\/span><\/div><div class=\"mpc-divider__line mpc-side--right\"><span><\/span><\/div><\/div><\/div>[vc_empty_space][\/vc_column][vc_column width=\u00a0\u00bb2\/3&Prime;]<div id=\"mpc_accordion-5769e35c4f68acb\" class=\"mpc-accordion mpc-init mpc-transition \" ><ul class=\"mpc-accordion__content\"><li class=\"mpc-accordion__item \"><div class=\"mpc-accordion-item__heading mpc-transition\"><div data-id=\"mpc_icon-569e35c4f68a8a\" class=\"mpc-icon mpc-init mpc-transition mpc-effect-fade mpc-icon-hover \"><div class=\"mpc-icon-wrap\"><i class=\"mpc-icon-part mpc-regular mpc-transition  eti eti_plus_alt2\"><\/i><i class=\"mpc-icon-part mpc-hover mpc-transition  eti eti_minus_alt2\"><\/i><\/div><\/div><h3>RENCONTRES AU SOMMET<\/h3><\/div><div class=\"mpc-accordion-item__content mpc-container\" ><div class=\"mpc-accordion-item__wrapper\">[vc_column_text]<\/p>\n<hr \/>\n<p><strong>Nous, les Arm\u00e9niens de Suisse<\/strong><\/p>\n<div style=\"width: 1060px;\" class=\"wp-video\"><!--[if lt IE 9]><script>document.createElement('video');<\/script><![endif]-->\n<video class=\"wp-video-shortcode\" id=\"video-5573-1\" width=\"1060\" height=\"596\" poster=\"https:\/\/gsa.swiss\/wp-content\/uploads\/2021\/11\/Flag-Mockup2-3.jpg\" preload=\"metadata\" controls=\"controls\"><source type=\"video\/mp4\" src=\"https:\/\/gsa.swiss\/wp-content\/uploads\/2023\/11\/Nous-les-Armeniens-de-Suisse.m4v?_=1\" \/><a href=\"https:\/\/gsa.swiss\/wp-content\/uploads\/2023\/11\/Nous-les-Armeniens-de-Suisse.m4v\">https:\/\/gsa.swiss\/wp-content\/uploads\/2023\/11\/Nous-les-Armeniens-de-Suisse.m4v<\/a><\/video><\/div>\n<hr \/>\n<p><strong><a href=\"https:\/\/hls-dhs-dss.ch\/fr\/articles\/025005\/2011-01-04\/\" target=\"_blank\" rel=\"nofollow noopener\">ARM\u00c9NIE de Armand Gaspard<\/a><br \/>\n<\/strong>Dictionnaire historique de la Suisse (DHS)<\/p>\n<hr \/>\n<p><a href=\"https:\/\/www.parlament.ch\/de\/services\/news\/Seiten\/armenia-2018-02-03-08.aspx\" target=\"_blank\" rel=\"nofollow noopener\"><strong>Visite officielle du pr\u00e9sident du Conseil national Dominique de Buman en Arm\u00e9nie<\/strong><\/a><br \/>\nRegistre du Parlement Suisse<\/p>\n<hr \/>\n<p><a href=\"https:\/\/www.rts.ch\/info\/suisse\/9315437-le-president-du-national-devant-les-deputes-armeniens-un-fait-rarissime.html\" target=\"_blank\" rel=\"nofollow noopener\"><strong>Dominique de Buman parle aux d\u00e9put\u00e9s arm\u00e9niens, un fait rarissime<\/strong><\/a><br \/>\nRTS[\/vc_column_text]<\/div><\/div><\/li><\/ul><\/div>[\/vc_column][\/vc_row][vc_row css_animation=\u00a0\u00bb\u00a0\u00bb row_type=\u00a0\u00bbrow\u00a0\u00bb use_row_as_full_screen_section=\u00a0\u00bbno\u00a0\u00bb type=\u00a0\u00bbgrid\u00a0\u00bb angled_section=\u00a0\u00bbno\u00a0\u00bb text_align=\u00a0\u00bbleft\u00a0\u00bb background_image_as_pattern=\u00a0\u00bbwithout_pattern\u00a0\u00bb bg_type=\u00a0\u00bbbg_color\u00a0\u00bb bg_override=\u00a0\u00bbfull\u00a0\u00bb z_index=\u00a0\u00bb\u00a0\u00bb background_color=\u00a0\u00bb#ffffff\u00a0\u00bb css=\u00a0\u00bb.vc_custom_1615848381162{background-color: #f7fff7 !important;}\u00a0\u00bb][vc_column][vc_empty_space height=\u00a0\u00bb48px\u00a0\u00bb][\/vc_column][\/vc_row][vc_row css_animation=\u00a0\u00bb\u00a0\u00bb row_type=\u00a0\u00bbrow\u00a0\u00bb use_row_as_full_screen_section=\u00a0\u00bbno\u00a0\u00bb type=\u00a0\u00bbgrid\u00a0\u00bb angled_section=\u00a0\u00bbno\u00a0\u00bb text_align=\u00a0\u00bbleft\u00a0\u00bb background_image_as_pattern=\u00a0\u00bbwithout_pattern\u00a0\u00bb bg_type=\u00a0\u00bbbg_color\u00a0\u00bb bg_override=\u00a0\u00bbfull\u00a0\u00bb z_index=\u00a0\u00bb\u00a0\u00bb background_color=\u00a0\u00bb#1a535c\u00a0\u00bb][vc_column width=\u00a0\u00bb2\/3&Prime;][vc_empty_space height=\u00a0\u00bb20px\u00a0\u00bb][vc_column_text css=\u00a0\u00bb.vc_custom_1617629278557{padding-top: 5% !important;}\u00a0\u00bb]<\/p>\n<h2><strong><span style=\"color: #ffffff;\">Vous pouvez contribuer \u00e0 changer les choses!<\/span><\/strong><\/h2>\n<p>[\/vc_column_text][vc_empty_space height=\u00a0\u00bb18px\u00a0\u00bb][vc_column_text css=\u00a0\u00bb.vc_custom_1609884486218{padding-bottom: 20px !important;}\u00a0\u00bb]<\/p>\n<h5><span style=\"color: #ffffff;\">Aidez-nous \u00e0 \u00e9laborer de futures r\u00e9ussites<\/span><\/h5>\n<p>[\/vc_column_text][vc_empty_space height=\u00a0\u00bb20px\u00a0\u00bb][vc_empty_space height=\u00a0\u00bb20px\u00a0\u00bb][\/vc_column][vc_column width=\u00a0\u00bb1\/3&Prime;][vc_empty_space height=\u00a0\u00bb20px\u00a0\u00bb]<div class=\" vc_custom_1615855381607 ubtn-ctn-left \"><a class=\"ubtn-link ult-adjust-bottom-margin ubtn-left ubtn-normal \" href=\"http:\/\/gsa.swiss\/fr\/join\/\" title=\"Participer\"><button type=\"button\" id=\"ubtn-1433\"  class=\"ubtn ult-adjust-bottom-margin ult-responsive ubtn-normal ubtn-no-hover-bg  none  ubtn-left   tooltip-69e35c4f68ed5\"  data-hover=\"#ffffff\" data-border-color=\"\" data-bg=\"#fdb321\" data-hover-bg=\"#4ecdc4\" data-border-hover=\"\" data-shadow-hover=\"\" data-shadow-click=\"none\" data-shadow=\"\" data-shd-shadow=\"\"  data-ultimate-target='#ubtn-1433'  data-responsive-json-new='{\"font-size\":\"desktop:18px;\",\"line-height\":\"\"}'  style=\"font-family:&#039;Nunito Sans&#039;;font-weight:700;border:none;background: #fdb321;color: #ffffff;\"><span class=\"ubtn-hover\" style=\"background-color:#4ecdc4\"><\/span><span class=\"ubtn-data ubtn-text \" >Participer<\/span><\/button><\/a><\/div>[vc_empty_space height=\u00a0\u00bb15px\u00a0\u00bb][\/vc_column][\/vc_row][vc_row css_animation=\u00a0\u00bb\u00a0\u00bb row_type=\u00a0\u00bbrow\u00a0\u00bb use_row_as_full_screen_section=\u00a0\u00bbno\u00a0\u00bb type=\u00a0\u00bbgrid\u00a0\u00bb angled_section=\u00a0\u00bbno\u00a0\u00bb text_align=\u00a0\u00bbleft\u00a0\u00bb background_image_as_pattern=\u00a0\u00bbwithout_pattern\u00a0\u00bb z_index=\u00a0\u00bb\u00a0\u00bb][vc_column][vc_empty_space height=\u00a0\u00bb60px\u00a0\u00bb]<p class=\"mpc-noposts\">No related posts.<\/p>[vc_empty_space height=\u00a0\u00bb60px\u00a0\u00bb][\/vc_column][\/vc_row][vc_row css_animation=\u00a0\u00bb\u00a0\u00bb row_type=\u00a0\u00bbrow\u00a0\u00bb use_row_as_full_screen_section=\u00a0\u00bbno\u00a0\u00bb type=\u00a0\u00bbgrid\u00a0\u00bb angled_section=\u00a0\u00bbno\u00a0\u00bb text_align=\u00a0\u00bbleft\u00a0\u00bb background_image_as_pattern=\u00a0\u00bbwithout_pattern\u00a0\u00bb z_index=\u00a0\u00bb\u00a0\u00bb][vc_column width=\u00a0\u00bb1\/2&Prime;][vc_single_image image=\u00a0\u00bb4428&Prime; img_size=\u00a0\u00bbfull\u00a0\u00bb alignment=\u00a0\u00bbcenter\u00a0\u00bb qode_css_animation=\u00a0\u00bb\u00a0\u00bb][vc_empty_space][\/vc_column][vc_column width=\u00a0\u00bb1\/2&Prime;][vc_column_text]<\/p>\n<h2 style=\"text-align: left;\"><strong><span style=\"color: #fdb321;\">Inscrivez-vous \u00e0 notre liste de diffusion<\/span><\/strong><\/h2>\n<p>[\/vc_column_text][vc_column_text]<\/p>\n<h5 style=\"text-align: left;\"><span style=\"color: #818181;\">Ne manquez jamais l\u2019occasion de faire bouger les choses. Inscrivez-vous maintenant.<\/span><\/h5>\n<p>[\/vc_column_text][vc_empty_space][vc_column_text]\n<div class=\"wpcf7 no-js\" id=\"wpcf7-f5721-o1\" lang=\"fr-FR\" dir=\"ltr\" data-wpcf7-id=\"5721\">\n<div class=\"screen-reader-response\"><p role=\"status\" aria-live=\"polite\" aria-atomic=\"true\"><\/p> <ul><\/ul><\/div>\n<form action=\"\/fr\/wp-json\/wp\/v2\/pages\/5573#wpcf7-f5721-o1\" method=\"post\" class=\"wpcf7-form init\" aria-label=\"Formulaire de contact\" novalidate=\"novalidate\" data-status=\"init\">\n<fieldset class=\"hidden-fields-container\"><input type=\"hidden\" name=\"_wpcf7\" value=\"5721\" \/><input type=\"hidden\" name=\"_wpcf7_version\" value=\"6.1.3\" \/><input type=\"hidden\" name=\"_wpcf7_locale\" value=\"fr_FR\" \/><input type=\"hidden\" name=\"_wpcf7_unit_tag\" value=\"wpcf7-f5721-o1\" \/><input type=\"hidden\" name=\"_wpcf7_container_post\" value=\"0\" \/><input type=\"hidden\" name=\"_wpcf7_posted_data_hash\" value=\"\" \/><input type=\"hidden\" name=\"_wpcf7_recaptcha_response\" value=\"\" \/>\n<\/fieldset>\n<div class=\"contact-form\">\n\t<p><label>Nom*<br \/>\n<span class=\"wpcf7-form-control-wrap\" data-name=\"customer-name\"><input size=\"40\" maxlength=\"400\" class=\"wpcf7-form-control wpcf7-text wpcf7-validates-as-required\" aria-required=\"true\" aria-invalid=\"false\" placeholder=\"Nom\" value=\"\" type=\"text\" name=\"customer-name\" \/><\/span> <\/label><br \/>\n<label>Adresse Mail*<br \/>\n<span class=\"wpcf7-form-control-wrap\" data-name=\"email\"><input size=\"40\" maxlength=\"400\" class=\"wpcf7-form-control wpcf7-email wpcf7-validates-as-required wpcf7-text wpcf7-validates-as-email\" aria-required=\"true\" aria-invalid=\"false\" placeholder=\"Adresse Mail\" value=\"\" type=\"email\" name=\"email\" \/><\/span> <\/label><br \/>\n<input class=\"wpcf7-form-control wpcf7-submit has-spinner contact-form-button\" type=\"submit\" value=\"S&#039;INSCRIRE MAINTENANT\" \/>\n\t<\/p>\n<\/div><div class=\"wpcf7-response-output\" aria-hidden=\"true\"><\/div>\n<\/form>\n<\/div>\n[\/vc_column_text][\/vc_column][\/vc_row][vc_row css_animation=\u00a0\u00bb\u00a0\u00bb row_type=\u00a0\u00bbrow\u00a0\u00bb use_row_as_full_screen_section=\u00a0\u00bbno\u00a0\u00bb type=\u00a0\u00bbfull_width\u00a0\u00bb angled_section=\u00a0\u00bbno\u00a0\u00bb text_align=\u00a0\u00bbleft\u00a0\u00bb background_image_as_pattern=\u00a0\u00bbwithout_pattern\u00a0\u00bb][vc_column][vc_empty_space height=\u00a0\u00bb64px\u00a0\u00bb][\/vc_column][\/vc_row]<\/p>\n<\/div>","protected":false},"excerpt":{"rendered":"<p>[vc_row css_animation=\u00a0\u00bb\u00a0\u00bb row_type=\u00a0\u00bbrow\u00a0\u00bb use_row_as_full_screen_section=\u00a0\u00bbno\u00a0\u00bb type=\u00a0\u00bbgrid\u00a0\u00bb angled_section=\u00a0\u00bbno\u00a0\u00bb text_align=\u00a0\u00bbleft\u00a0\u00bb background_image_as_pattern=\u00a0\u00bbwithout_pattern\u00a0\u00bb bg_type=\u00a0\u00bbbg_color\u00a0\u00bb bg_override=\u00a0\u00bbfull\u00a0\u00bb z_index=\u00a0\u00bb\u00a0\u00bb background_image=\u00a0\u00bb4379&Prime; css=\u00a0\u00bb.vc_custom_1615854941767{background-image: url(https:\/\/gsa.swiss\/wp-content\/uploads\/2021\/02\/fb-img-1609027492765-e1613848085626.jpg?id=4379) !important;}\u00a0\u00bb][vc_column][vc_empty_space height=\u00a0\u00bb120px\u00a0\u00bb][vc_empty_space height=\u00a0\u00bb120px\u00a0\u00bb][\/vc_column][\/vc_row][vc_row css_animation=\u00a0\u00bb\u00a0\u00bb row_type=\u00a0\u00bbrow\u00a0\u00bb use_row_as_full_screen_section=\u00a0\u00bbno\u00a0\u00bb type=\u00a0\u00bbgrid\u00a0\u00bb angled_section=\u00a0\u00bbno\u00a0\u00bb text_align=\u00a0\u00bbleft\u00a0\u00bb background_image_as_pattern=\u00a0\u00bbwithout_pattern\u00a0\u00bb bg_type=\u00a0\u00bbbg_color\u00a0\u00bb bg_override=\u00a0\u00bbfull\u00a0\u00bb z_index=\u00a0\u00bb\u00a0\u00bb][vc_column][vc_empty_space][\/vc_column][\/vc_row][vc_row css_animation=\u00a0\u00bb\u00a0\u00bb row_type=\u00a0\u00bbrow\u00a0\u00bb use_row_as_full_screen_section=\u00a0\u00bbno\u00a0\u00bb type=\u00a0\u00bbgrid\u00a0\u00bb angled_section=\u00a0\u00bbno\u00a0\u00bb text_align=\u00a0\u00bbleft\u00a0\u00bb background_image_as_pattern=\u00a0\u00bbwithout_pattern\u00a0\u00bb bg_type=\u00a0\u00bbbg_color\u00a0\u00bb bg_override=\u00a0\u00bbfull\u00a0\u00bb z_index=\u00a0\u00bb\u00a0\u00bb anchor=\u00a0\u00bbprofile\u00a0\u00bb][vc_column][vc_column_text] Am\u00e9liorer les relations entre Suisse &amp; Arm\u00e9nie<\/p>\n","protected":false},"author":15,"featured_media":4380,"parent":5606,"menu_order":0,"comment_status":"closed","ping_status":"closed","template":"full_width.php","meta":{"give_campaign_id":0,"footnotes":""},"categories":[],"tags":[1906],"wf_page_folders":[1831],"class_list":["post-5573","page","type-page","status-publish","has-post-thumbnail","hentry","tag-questions-cles"],"campaignId":"","_links":{"self":[{"href":"https:\/\/gsa.swiss\/fr\/wp-json\/wp\/v2\/pages\/5573","targetHints":{"allow":["GET"]}}],"collection":[{"href":"https:\/\/gsa.swiss\/fr\/wp-json\/wp\/v2\/pages"}],"about":[{"href":"https:\/\/gsa.swiss\/fr\/wp-json\/wp\/v2\/types\/page"}],"author":[{"embeddable":true,"href":"https:\/\/gsa.swiss\/fr\/wp-json\/wp\/v2\/users\/15"}],"replies":[{"embeddable":true,"href":"https:\/\/gsa.swiss\/fr\/wp-json\/wp\/v2\/comments?post=5573"}],"version-history":[{"count":2,"href":"https:\/\/gsa.swiss\/fr\/wp-json\/wp\/v2\/pages\/5573\/revisions"}],"predecessor-version":[{"id":6440,"href":"https:\/\/gsa.swiss\/fr\/wp-json\/wp\/v2\/pages\/5573\/revisions\/6440"}],"up":[{"embeddable":true,"href":"https:\/\/gsa.swiss\/fr\/wp-json\/wp\/v2\/pages\/5606"}],"wp:featuredmedia":[{"embeddable":true,"href":"https:\/\/gsa.swiss\/fr\/wp-json\/wp\/v2\/media\/4380"}],"wp:attachment":[{"href":"https:\/\/gsa.swiss\/fr\/wp-json\/wp\/v2\/media?parent=5573"}],"wp:term":[{"taxonomy":"category","embeddable":true,"href":"https:\/\/gsa.swiss\/fr\/wp-json\/wp\/v2\/categories?post=5573"},{"taxonomy":"post_tag","embeddable":true,"href":"https:\/\/gsa.swiss\/fr\/wp-json\/wp\/v2\/tags?post=5573"},{"taxonomy":"wf_page_folders","embeddable":true,"href":"https:\/\/gsa.swiss\/fr\/wp-json\/wp\/v2\/wf_page_folders?post=5573"}],"curies":[{"name":"wp","href":"https:\/\/api.w.org\/{rel}","templated":true}]}}