{"id":5581,"date":"2021-02-15T00:02:13","date_gmt":"2021-02-14T22:02:13","guid":{"rendered":"https:\/\/gsa.swiss\/socar\/"},"modified":"2024-11-19T19:40:50","modified_gmt":"2024-11-19T17:40:50","slug":"socar","status":"publish","type":"page","link":"https:\/\/gsa.swiss\/fr\/issues\/socar\/","title":{"rendered":"Mettons Un Terme \u00c0 La Guerre De Socar"},"content":{"rendered":"<div class=\"wpb-content-wrapper\"><p>[vc_row css_animation=\u00a0\u00bb\u00a0\u00bb row_type=\u00a0\u00bbrow\u00a0\u00bb use_row_as_full_screen_section=\u00a0\u00bbno\u00a0\u00bb type=\u00a0\u00bbgrid\u00a0\u00bb angled_section=\u00a0\u00bbno\u00a0\u00bb text_align=\u00a0\u00bbleft\u00a0\u00bb background_image_as_pattern=\u00a0\u00bbwithout_pattern\u00a0\u00bb bg_type=\u00a0\u00bbbg_color\u00a0\u00bb bg_override=\u00a0\u00bbfull\u00a0\u00bb z_index=\u00a0\u00bb\u00a0\u00bb background_image=\u00a0\u00bb4264&Prime; css=\u00a0\u00bb.vc_custom_1615842600038{background-image: url(https:\/\/gsa.swiss\/wp-content\/uploads\/2021\/01\/SOCAR-2-1000&#215;400-1.jpg?id=4264) !important;}\u00a0\u00bb][vc_column][vc_empty_space height=\u00a0\u00bb120px\u00a0\u00bb][vc_empty_space height=\u00a0\u00bb120px\u00a0\u00bb][\/vc_column][\/vc_row][vc_row css_animation=\u00a0\u00bb\u00a0\u00bb row_type=\u00a0\u00bbrow\u00a0\u00bb use_row_as_full_screen_section=\u00a0\u00bbno\u00a0\u00bb type=\u00a0\u00bbgrid\u00a0\u00bb angled_section=\u00a0\u00bbno\u00a0\u00bb text_align=\u00a0\u00bbleft\u00a0\u00bb background_image_as_pattern=\u00a0\u00bbwithout_pattern\u00a0\u00bb bg_type=\u00a0\u00bbbg_color\u00a0\u00bb bg_override=\u00a0\u00bbfull\u00a0\u00bb z_index=\u00a0\u00bb\u00a0\u00bb][vc_column][vc_empty_space][\/vc_column][\/vc_row][vc_row css_animation=\u00a0\u00bb\u00a0\u00bb row_type=\u00a0\u00bbrow\u00a0\u00bb use_row_as_full_screen_section=\u00a0\u00bbno\u00a0\u00bb type=\u00a0\u00bbgrid\u00a0\u00bb angled_section=\u00a0\u00bbno\u00a0\u00bb text_align=\u00a0\u00bbleft\u00a0\u00bb background_image_as_pattern=\u00a0\u00bbwithout_pattern\u00a0\u00bb bg_type=\u00a0\u00bbbg_color\u00a0\u00bb bg_override=\u00a0\u00bbfull\u00a0\u00bb z_index=\u00a0\u00bb\u00a0\u00bb anchor=\u00a0\u00bbprofile\u00a0\u00bb][vc_column][vc_column_text]<\/p>\n<h1 style=\"text-align: center;\"><span style=\"color: #fdb321;\"><strong>METTONS UN TERME \u00c0 LA GUERRE DE SOCAR<\/strong><\/span><\/h1>\n<p>[\/vc_column_text][vc_empty_space height=\u00a0\u00bb18px\u00a0\u00bb]<div data-id=\"mpc_divider-5769f1a3a06a657\" class=\"mpc-divider-wrap\"><div class=\"mpc-divider mpc-init mpc-align--center mpc-disable--left \" ><div class=\"mpc-divider__line mpc-side--left\"><span><\/span><\/div><div class=\"mpc-divider__line mpc-side--right\"><span><\/span><\/div><\/div><\/div>[vc_empty_space][vc_column_text]<\/p>\n<h5 style=\"text-align: center;\">L&rsquo;Azerba\u00efdjan est une autocratie dangereuse et corrompue qui opprime sa propre population et fait la guerre \u00e0 ses voisins. Sa compagnie p\u00e9troli\u00e8re nationale SOCAR poss\u00e8de des stations-service, des succursales Migrolino et fournit d&rsquo;autres services \u00e9nerg\u00e9tiques en Suisse. Chaque franc suisse que SOCAR encaisse finance directement la destruction de la d\u00e9mocratie et des droits de l&rsquo;homme. Les consommateurs suisses exigent un changement. Rejoignez notre mouvement contre SOCAR et consommez (faites vos achats) de mani\u00e8re responsable.<\/h5>\n<p>[\/vc_column_text][\/vc_column][\/vc_row][vc_row css_animation=\u00a0\u00bb\u00a0\u00bb row_type=\u00a0\u00bbrow\u00a0\u00bb use_row_as_full_screen_section=\u00a0\u00bbno\u00a0\u00bb type=\u00a0\u00bbgrid\u00a0\u00bb angled_section=\u00a0\u00bbno\u00a0\u00bb text_align=\u00a0\u00bbleft\u00a0\u00bb background_image_as_pattern=\u00a0\u00bbwithout_pattern\u00a0\u00bb bg_type=\u00a0\u00bbbg_color\u00a0\u00bb bg_override=\u00a0\u00bbfull\u00a0\u00bb z_index=\u00a0\u00bb\u00a0\u00bb][vc_column][vc_empty_space height=\u00a0\u00bb48px\u00a0\u00bb][\/vc_column][\/vc_row][vc_row css_animation=\u00a0\u00bb\u00a0\u00bb row_type=\u00a0\u00bbrow\u00a0\u00bb use_row_as_full_screen_section=\u00a0\u00bbno\u00a0\u00bb type=\u00a0\u00bbgrid\u00a0\u00bb angled_section=\u00a0\u00bbno\u00a0\u00bb text_align=\u00a0\u00bbleft\u00a0\u00bb background_image_as_pattern=\u00a0\u00bbwithout_pattern\u00a0\u00bb bg_type=\u00a0\u00bbbg_color\u00a0\u00bb bg_override=\u00a0\u00bbfull\u00a0\u00bb z_index=\u00a0\u00bb\u00a0\u00bb background_color=\u00a0\u00bb#ffffff\u00a0\u00bb css=\u00a0\u00bb.vc_custom_1609891011282{background-color: #5a455e !important;}\u00a0\u00bb][vc_column][vc_empty_space][\/vc_column][\/vc_row][vc_row css_animation=\u00a0\u00bb\u00a0\u00bb row_type=\u00a0\u00bbrow\u00a0\u00bb use_row_as_full_screen_section=\u00a0\u00bbno\u00a0\u00bb type=\u00a0\u00bbgrid\u00a0\u00bb angled_section=\u00a0\u00bbno\u00a0\u00bb text_align=\u00a0\u00bbleft\u00a0\u00bb background_image_as_pattern=\u00a0\u00bbwithout_pattern\u00a0\u00bb bg_type=\u00a0\u00bbbg_color\u00a0\u00bb bg_override=\u00a0\u00bbfull\u00a0\u00bb z_index=\u00a0\u00bb\u00a0\u00bb background_color=\u00a0\u00bb#ffffff\u00a0\u00bb css=\u00a0\u00bb.vc_custom_1609891021980{background-color: #5a455e !important;}\u00a0\u00bb][vc_column width=\u00a0\u00bb1\/3&Prime;][vc_column_text]<\/p>\n<h2><span style=\"color: #cfedf2;\"><strong>Une menace dangereuse<\/strong><\/span><\/h2>\n<p>[\/vc_column_text][vc_empty_space height=\u00a0\u00bb18px\u00a0\u00bb]<div data-id=\"mpc_divider-6969f1a3a06a6e4\" class=\"mpc-divider-wrap\"><div class=\"mpc-divider mpc-init mpc-align--left mpc-disable--left \" ><div class=\"mpc-divider__line mpc-side--left\"><span><\/span><\/div><div class=\"mpc-divider__line mpc-side--right\"><span><\/span><\/div><\/div><\/div>[vc_empty_space][\/vc_column][vc_column width=\u00a0\u00bb2\/3&Prime;][vc_column_text]<span style=\"color: #ffffff;\">Le peuple arm\u00e9nien est confront\u00e9 \u00e0 une menace existentielle constante de la part des pays voisins, la Turquie et l&rsquo;Azerba\u00efdjan.<\/span><\/p>\n<p>&nbsp;<\/p>\n<p><span style=\"color: #ffffff;\"><span style=\"color: #ff715b;\"><a style=\"color: #ff715b;\" href=\"https:\/\/gsa.swiss\/issues\/artsakh-armenia-azerbaijan-conflict\/\">La r\u00e9cente attaque de l&rsquo;Azerba\u00efdjan contre les Arm\u00e9niens de l&rsquo;Artsakh, les crimes de guerre pr\u00e9sum\u00e9s, le d\u00e9ni permanent du g\u00e9nocide arm\u00e9nien par la Turquie, la propagande d\u00e9shumanisante, les violents crimes x\u00e9nophobes et la destruction des sites du patrimoine culturel arm\u00e9nien prouvent que cette menace est r\u00e9elle et s\u2019intensifie.<\/a><\/span><\/span><\/p>\n<p>&nbsp;<\/p>\n<p><span style=\"color: #ffffff;\">L&rsquo;Azerba\u00efdjan, sous le r\u00e9gime autoritaire du pr\u00e9sident Ilham Aliyev, pr\u00e9sente l&rsquo;un des pires bilans au monde en ce qui concerne les droits de l&rsquo;homme et est consid\u00e9r\u00e9 comme un pays hautement corrompu par la communaut\u00e9 internationale. Des documents bancaires divulgu\u00e9s en 2017 ont r\u00e9v\u00e9l\u00e9 que l&rsquo;Azerba\u00efdjan g\u00e9rait une caisse noire d&rsquo;une valeur de 2,9 milliards de dollars am\u00e9ricains et un syst\u00e8me international de blanchiment d&rsquo;argent. Une partie de l&rsquo;argent a \u00e9t\u00e9 utilis\u00e9e pour r\u00e9habiliter l&rsquo;image internationale de l&rsquo;Azerba\u00efdjan, ternie \u00e0 juste titre en raison de graves violations des droits de l\u2019homme.<\/span><\/p>\n<p>&nbsp;<\/p>\n<p><span style=\"color: #ffffff;\">Le r\u00e9gime d&rsquo;Aliyev et l&rsquo;arm\u00e9e azerba\u00efdjanaise sont plus que bien financ\u00e9s par les exportations de p\u00e9trole et de gaz du pays par le biais de SOCAR, la compagnie p\u00e9troli\u00e8re d&rsquo;\u00c9tat de la R\u00e9publique d&rsquo;Azerba\u00efdjan. Plus de 77 % des revenus globaux de SOCAR transitent par ses succursales en Suisse, principalement par le biais du commerce des mati\u00e8res premi\u00e8res et des services de d\u00e9tail tels que les stations-service et les franchises Migrolino<\/span><\/p>\n<p>&nbsp;<\/p>\n<p><span style=\"color: #ffffff;\">La plupart des citoyens suisses ne connaissent pas l&rsquo;histoire de SOCAR et de l&rsquo;Azerba\u00efdjan, et ne seraient pas non plus favorables au soutien financier d&rsquo;une campagne militaire \u00e9trang\u00e8re impliquant des crimes de guerre et des crimes contre l&rsquo;humanit\u00e9 pr\u00e9sum\u00e9s et finan\u00e7ant un r\u00e9gime autocratique diam\u00e9tralement oppos\u00e9 aux valeurs suisses de d\u00e9mocratie et de droits de l&rsquo;homme. Et pourtant, c&rsquo;est exactement ce que font les consommateurs suisses chaque fois qu&rsquo;ils font leurs courses dans l&rsquo;une des 170 stations-service SOCAR du pays.<\/span><\/p>\n<p>&nbsp;<\/p>\n<p><span style=\"color: #ffffff;\">Les citoyens suisses ont le droit de conna\u00eetre le type d&rsquo;entreprises qu\u2019ils soutiennent via leurs achats dans les stations-service SOCAR &#8211; et \u00e0 quelles fins leur argent est utilis\u00e9.<\/span>[\/vc_column_text][\/vc_column][\/vc_row][vc_row css_animation=\u00a0\u00bb\u00a0\u00bb row_type=\u00a0\u00bbrow\u00a0\u00bb use_row_as_full_screen_section=\u00a0\u00bbno\u00a0\u00bb type=\u00a0\u00bbgrid\u00a0\u00bb angled_section=\u00a0\u00bbno\u00a0\u00bb text_align=\u00a0\u00bbleft\u00a0\u00bb background_image_as_pattern=\u00a0\u00bbwithout_pattern\u00a0\u00bb bg_type=\u00a0\u00bbbg_color\u00a0\u00bb bg_override=\u00a0\u00bbfull\u00a0\u00bb z_index=\u00a0\u00bb\u00a0\u00bb background_color=\u00a0\u00bb#ffffff\u00a0\u00bb css=\u00a0\u00bb.vc_custom_1609891068589{background-color: #5a455e !important;}\u00a0\u00bb][vc_column][vc_empty_space][\/vc_column][\/vc_row][vc_row css_animation=\u00a0\u00bb\u00a0\u00bb row_type=\u00a0\u00bbrow\u00a0\u00bb use_row_as_full_screen_section=\u00a0\u00bbno\u00a0\u00bb type=\u00a0\u00bbgrid\u00a0\u00bb angled_section=\u00a0\u00bbno\u00a0\u00bb text_align=\u00a0\u00bbleft\u00a0\u00bb background_image_as_pattern=\u00a0\u00bbwithout_pattern\u00a0\u00bb bg_type=\u00a0\u00bbbg_color\u00a0\u00bb bg_override=\u00a0\u00bbfull\u00a0\u00bb z_index=\u00a0\u00bb\u00a0\u00bb background_color=\u00a0\u00bb#ffffff\u00a0\u00bb css=\u00a0\u00bb.vc_custom_1609891119217{background-color: #4ecdc4 !important;}\u00a0\u00bb][vc_column][vc_empty_space][\/vc_column][\/vc_row][vc_row css_animation=\u00a0\u00bb\u00a0\u00bb row_type=\u00a0\u00bbrow\u00a0\u00bb use_row_as_full_screen_section=\u00a0\u00bbno\u00a0\u00bb type=\u00a0\u00bbgrid\u00a0\u00bb angled_section=\u00a0\u00bbno\u00a0\u00bb text_align=\u00a0\u00bbleft\u00a0\u00bb background_image_as_pattern=\u00a0\u00bbwithout_pattern\u00a0\u00bb bg_type=\u00a0\u00bbbg_color\u00a0\u00bb bg_override=\u00a0\u00bbfull\u00a0\u00bb z_index=\u00a0\u00bb\u00a0\u00bb background_color=\u00a0\u00bb#ffffff\u00a0\u00bb css=\u00a0\u00bb.vc_custom_1609891129295{background-color: #4ecdc4 !important;}\u00a0\u00bb][vc_column width=\u00a0\u00bb1\/3&Prime;][vc_column_text]<\/p>\n<h2><span style=\"color: #1a535c;\"><strong>Nos actions<\/strong><\/span><\/h2>\n<p>[\/vc_column_text][vc_empty_space height=\u00a0\u00bb18px\u00a0\u00bb]<div data-id=\"mpc_divider-3969f1a3a06a730\" class=\"mpc-divider-wrap\"><div class=\"mpc-divider mpc-init mpc-align--left mpc-disable--left \" ><div class=\"mpc-divider__line mpc-side--left\"><span><\/span><\/div><div class=\"mpc-divider__line mpc-side--right\"><span><\/span><\/div><\/div><\/div>[vc_empty_space][\/vc_column][vc_column width=\u00a0\u00bb2\/3&Prime;][vc_column_text]<span style=\"color: #ffffff;\">L\u2019Association Suisse-Arm\u00e9nie (ASA) s&rsquo;engage \u00e0 \u0153uvrer pour que la Suisse ne soit plus une plaque tournante de la machine de guerre SOCAR. Nous luttons contre l&rsquo;infiltration et la corruption de la tradition humanitaire de la Suisse par Bakou. Nous utilisons des mesures juridiques, publicitaires et de grande envergure pour sensibiliser et motiver les autorit\u00e9s \u00e0 agir contre les atteintes \u00e0 l&rsquo;image de la Suisse et nous donnons aux consommateurs la possibilit\u00e9 de faire des achats responsables en Suisse.<\/span>[\/vc_column_text][\/vc_column][\/vc_row][vc_row css_animation=\u00a0\u00bb\u00a0\u00bb row_type=\u00a0\u00bbrow\u00a0\u00bb use_row_as_full_screen_section=\u00a0\u00bbno\u00a0\u00bb type=\u00a0\u00bbgrid\u00a0\u00bb angled_section=\u00a0\u00bbno\u00a0\u00bb text_align=\u00a0\u00bbleft\u00a0\u00bb background_image_as_pattern=\u00a0\u00bbwithout_pattern\u00a0\u00bb bg_type=\u00a0\u00bbbg_color\u00a0\u00bb bg_override=\u00a0\u00bbfull\u00a0\u00bb z_index=\u00a0\u00bb\u00a0\u00bb background_color=\u00a0\u00bb#ffffff\u00a0\u00bb css=\u00a0\u00bb.vc_custom_1609891139601{background-color: #4ecdc4 !important;}\u00a0\u00bb][vc_column][vc_empty_space height=\u00a0\u00bb48px\u00a0\u00bb][\/vc_column][\/vc_row][vc_row css_animation=\u00a0\u00bb\u00a0\u00bb row_type=\u00a0\u00bbrow\u00a0\u00bb use_row_as_full_screen_section=\u00a0\u00bbno\u00a0\u00bb type=\u00a0\u00bbgrid\u00a0\u00bb angled_section=\u00a0\u00bbno\u00a0\u00bb text_align=\u00a0\u00bbleft\u00a0\u00bb background_image_as_pattern=\u00a0\u00bbwithout_pattern\u00a0\u00bb bg_type=\u00a0\u00bbbg_color\u00a0\u00bb bg_override=\u00a0\u00bbfull\u00a0\u00bb z_index=\u00a0\u00bb\u00a0\u00bb background_color=\u00a0\u00bb#ffffff\u00a0\u00bb css=\u00a0\u00bb.vc_custom_1616975511845{background-color: #f7fff7 !important;}\u00a0\u00bb][vc_column][vc_empty_space height=\u00a0\u00bb48px\u00a0\u00bb][\/vc_column][\/vc_row][vc_row css_animation=\u00a0\u00bb\u00a0\u00bb row_type=\u00a0\u00bbrow\u00a0\u00bb use_row_as_full_screen_section=\u00a0\u00bbno\u00a0\u00bb type=\u00a0\u00bbgrid\u00a0\u00bb angled_section=\u00a0\u00bbno\u00a0\u00bb text_align=\u00a0\u00bbleft\u00a0\u00bb background_image_as_pattern=\u00a0\u00bbwithout_pattern\u00a0\u00bb bg_type=\u00a0\u00bbbg_color\u00a0\u00bb bg_override=\u00a0\u00bbfull\u00a0\u00bb z_index=\u00a0\u00bb\u00a0\u00bb background_color=\u00a0\u00bb#ffffff\u00a0\u00bb css=\u00a0\u00bb.vc_custom_1615848396428{background-color: #f7fff7 !important;}\u00a0\u00bb][vc_column width=\u00a0\u00bb1\/3&Prime;][vc_column_text]<\/p>\n<h2><span style=\"color: #001400;\"><strong>Articles et liens<\/strong><\/span><\/h2>\n<p>[\/vc_column_text][vc_empty_space height=\u00a0\u00bb18px\u00a0\u00bb]<div data-id=\"mpc_divider-2869f1a3a06a772\" class=\"mpc-divider-wrap\"><div class=\"mpc-divider mpc-init mpc-align--left mpc-disable--left \" ><div class=\"mpc-divider__line mpc-side--left\"><span><\/span><\/div><div class=\"mpc-divider__line mpc-side--right\"><span><\/span><\/div><\/div><\/div>[vc_empty_space][\/vc_column][vc_column width=\u00a0\u00bb2\/3&Prime;]<div id=\"mpc_accordion-5569f1a3a06a836\" class=\"mpc-accordion mpc-init mpc-transition \" ><ul class=\"mpc-accordion__content\"><li class=\"mpc-accordion__item \"><div class=\"mpc-accordion-item__heading mpc-transition\"><div data-id=\"mpc_icon-3869f1a3a06a806\" class=\"mpc-icon mpc-init mpc-transition mpc-effect-fade mpc-icon-hover \"><div class=\"mpc-icon-wrap\"><i class=\"mpc-icon-part mpc-regular mpc-transition  eti eti_plus_alt2\"><\/i><i class=\"mpc-icon-part mpc-hover mpc-transition  eti eti_minus_alt2\"><\/i><\/div><\/div><h3>LE JOURNALISME ET LE REPORTAGE D\u2019INVESTIGATION<\/h3><\/div><div class=\"mpc-accordion-item__content mpc-container\" ><div class=\"mpc-accordion-item__wrapper\">[vc_column_text css=\u00a0\u00bb\u00a0\u00bb]<strong><a href=\"https:\/\/www.swissinfo.ch\/eng\/multinational-companies\/azeri-fossil-fuel-cash-cow-brings-controversy-to-switzerland\/88162842\" target=\"_blank\" rel=\"noopener nofollow\">La vache \u00e0 lait des combustibles fossiles az\u00e9ris suscite la controverse en Suisse<\/a><br \/>\n<\/strong>SWISSINFO, Novembre 17, 2024<\/p>\n<hr \/>\n<p><a href=\"https:\/\/www.tagesanzeiger.ch\/kriegspropaganda-und-milliardendeals-die-heimliche-schweiz-connection-von-socar-303117290377\" target=\"_blank\" rel=\"nofollow noopener\"><strong>Des transactions d&rsquo;un milliard de dollars en Suisse alimentent le fonds de guerre de l\u2019Azerba\u00efdjan.<\/strong><\/a><br \/>\nTAGES ANZEIGER, 3. Dezember 2020<\/p>\n<hr \/>\n<p><a href=\"https:\/\/www.publiceye.ch\/de\/themen\/rohstoffhandel\/socar-feuer-und-flamme-fuer-so-vieles\" target=\"_blank\" rel=\"nofollow noopener\"><strong>SOCAR &#8211; Feu et flamme. L&rsquo;image du n\u00e9gociant de p\u00e9trole souffre de sa corruption et de sa propagande de guerre.<\/strong><\/a><br \/>\nPUBLIC EYE, 12 janvier 2021<\/p>\n<hr \/>\n<p><a href=\"https:\/\/www.tdg.ch\/socar-finance-la-guerre-du-regime-azeri-depuis-la-suisse-942923924926\" target=\"_blank\" rel=\"nofollow noopener\"><strong>SOCAR finance la guerre du r\u00e9gime-az\u00e9ri depuis la Suisse<\/strong><\/a><br \/>\nTRIBUNE DE GENEVE, 3 d\u00e9cembre 2020<\/p>\n<hr \/>\n<p><a href=\"https:\/\/www.tdg.ch\/meurtre-a-malte-lenquete-remonte-la-piste-du-petrole-genevois-565477280777\" target=\"_blank\" rel=\"nofollow noopener\"><strong>Meurtre \u00e0 Malte: l\u2019enqu\u00eate remonte la piste du p\u00e9trole genevois<\/strong><\/a><br \/>\nTRIBUNE DE GENEVE, 16 octobre 2020[\/vc_column_text]<\/div><\/div><\/li><\/ul><\/div>[\/vc_column][\/vc_row][vc_row css_animation=\u00a0\u00bb\u00a0\u00bb row_type=\u00a0\u00bbrow\u00a0\u00bb use_row_as_full_screen_section=\u00a0\u00bbno\u00a0\u00bb type=\u00a0\u00bbgrid\u00a0\u00bb angled_section=\u00a0\u00bbno\u00a0\u00bb text_align=\u00a0\u00bbleft\u00a0\u00bb background_image_as_pattern=\u00a0\u00bbwithout_pattern\u00a0\u00bb bg_type=\u00a0\u00bbbg_color\u00a0\u00bb bg_override=\u00a0\u00bbfull\u00a0\u00bb z_index=\u00a0\u00bb\u00a0\u00bb background_color=\u00a0\u00bb#ffffff\u00a0\u00bb css=\u00a0\u00bb.vc_custom_1616975500355{background-color: #f7fff7 !important;}\u00a0\u00bb][vc_column][vc_empty_space height=\u00a0\u00bb48px\u00a0\u00bb][\/vc_column][\/vc_row][vc_row css_animation=\u00a0\u00bb\u00a0\u00bb row_type=\u00a0\u00bbrow\u00a0\u00bb use_row_as_full_screen_section=\u00a0\u00bbno\u00a0\u00bb type=\u00a0\u00bbgrid\u00a0\u00bb angled_section=\u00a0\u00bbno\u00a0\u00bb text_align=\u00a0\u00bbleft\u00a0\u00bb background_image_as_pattern=\u00a0\u00bbwithout_pattern\u00a0\u00bb bg_type=\u00a0\u00bbbg_color\u00a0\u00bb bg_override=\u00a0\u00bbfull\u00a0\u00bb z_index=\u00a0\u00bb\u00a0\u00bb background_color=\u00a0\u00bb#1a535c\u00a0\u00bb][vc_column width=\u00a0\u00bb2\/3&Prime;][vc_empty_space height=\u00a0\u00bb20px\u00a0\u00bb][vc_column_text css=\u00a0\u00bb.vc_custom_1609884494184{padding-top: 5% !important;}\u00a0\u00bb]<\/p>\n<h1><strong><span style=\"color: #ffffff;\">Vous pouvez contribuer \u00e0 changer les choses!<\/span><\/strong><\/h1>\n<p>[\/vc_column_text][vc_empty_space height=\u00a0\u00bb18px\u00a0\u00bb][vc_column_text css=\u00a0\u00bb.vc_custom_1609884486218{padding-bottom: 20px !important;}\u00a0\u00bb]<\/p>\n<h5><span style=\"color: #ffffff;\">Aidez-nous \u00e0 \u00e9laborer de futures r\u00e9ussites.<\/span><\/h5>\n<p>[\/vc_column_text][vc_empty_space height=\u00a0\u00bb20px\u00a0\u00bb][vc_empty_space height=\u00a0\u00bb20px\u00a0\u00bb][\/vc_column][vc_column width=\u00a0\u00bb1\/3&Prime;][vc_empty_space height=\u00a0\u00bb20px\u00a0\u00bb]<div class=\" vc_custom_1609883530033 ubtn-ctn-left \"><button type=\"button\" id=\"ubtn-4626\"  class=\"ubtn ult-adjust-bottom-margin ult-responsive ubtn-normal ubtn-no-hover-bg  none  ubtn-left   tooltip-69f1a3a06aa3d\"  data-hover=\"#ffffff\" data-border-color=\"\" data-bg=\"#fdb321\" data-hover-bg=\"#4ecdc4\" data-border-hover=\"\" data-shadow-hover=\"\" data-shadow-click=\"none\" data-shadow=\"\" data-shd-shadow=\"\"  data-ultimate-target='#ubtn-4626'  data-responsive-json-new='{\"font-size\":\"desktop:18px;\",\"line-height\":\"\"}'  style=\"font-family:&#039;Nunito Sans&#039;;font-weight:700;border:none;background: #fdb321;color: #ffffff;\"><span class=\"ubtn-hover\" style=\"background-color:#4ecdc4\"><\/span><span class=\"ubtn-data ubtn-text \" >SOUTENEZ L\u2019ASA<\/span><\/button><\/div>[vc_empty_space height=\u00a0\u00bb15px\u00a0\u00bb][\/vc_column][\/vc_row][vc_row css_animation=\u00a0\u00bb\u00a0\u00bb row_type=\u00a0\u00bbrow\u00a0\u00bb use_row_as_full_screen_section=\u00a0\u00bbno\u00a0\u00bb type=\u00a0\u00bbgrid\u00a0\u00bb angled_section=\u00a0\u00bbno\u00a0\u00bb text_align=\u00a0\u00bbleft\u00a0\u00bb background_image_as_pattern=\u00a0\u00bbwithout_pattern\u00a0\u00bb z_index=\u00a0\u00bb\u00a0\u00bb][vc_column][vc_empty_space height=\u00a0\u00bb60px\u00a0\u00bb]<p class=\"mpc-noposts\">No related posts.<\/p>[vc_empty_space height=\u00a0\u00bb60px\u00a0\u00bb][\/vc_column][\/vc_row][vc_row css_animation=\u00a0\u00bb\u00a0\u00bb row_type=\u00a0\u00bbrow\u00a0\u00bb use_row_as_full_screen_section=\u00a0\u00bbno\u00a0\u00bb type=\u00a0\u00bbgrid\u00a0\u00bb angled_section=\u00a0\u00bbno\u00a0\u00bb text_align=\u00a0\u00bbleft\u00a0\u00bb background_image_as_pattern=\u00a0\u00bbwithout_pattern\u00a0\u00bb z_index=\u00a0\u00bb\u00a0\u00bb][vc_column width=\u00a0\u00bb1\/2&Prime;][vc_single_image image=\u00a0\u00bb4428&Prime; img_size=\u00a0\u00bbfull\u00a0\u00bb alignment=\u00a0\u00bbcenter\u00a0\u00bb qode_css_animation=\u00a0\u00bb\u00a0\u00bb][vc_empty_space][\/vc_column][vc_column width=\u00a0\u00bb1\/2&Prime;][vc_column_text]<\/p>\n<h2 style=\"text-align: left;\"><strong><span style=\"color: #fdb321;\">Inscrivez-vous \u00e0 notre liste de diffusion<\/span><\/strong><\/h2>\n<p>[\/vc_column_text][vc_column_text]<\/p>\n<h5 style=\"text-align: left;\"><span style=\"color: #818181;\">Ne manquez jamais l\u2019occasion de faire bouger les choses. Inscrivez-vous maintenant.<\/span><\/h5>\n<p>[\/vc_column_text][vc_empty_space][vc_column_text]\n<div class=\"wpcf7 no-js\" id=\"wpcf7-f5721-o1\" lang=\"fr-FR\" dir=\"ltr\" data-wpcf7-id=\"5721\">\n<div class=\"screen-reader-response\"><p role=\"status\" aria-live=\"polite\" aria-atomic=\"true\"><\/p> <ul><\/ul><\/div>\n<form action=\"\/fr\/wp-json\/wp\/v2\/pages\/5581#wpcf7-f5721-o1\" method=\"post\" class=\"wpcf7-form init\" aria-label=\"Formulaire de contact\" novalidate=\"novalidate\" data-status=\"init\">\n<fieldset class=\"hidden-fields-container\"><input type=\"hidden\" name=\"_wpcf7\" value=\"5721\" \/><input type=\"hidden\" name=\"_wpcf7_version\" value=\"6.1.3\" \/><input type=\"hidden\" name=\"_wpcf7_locale\" value=\"fr_FR\" \/><input type=\"hidden\" name=\"_wpcf7_unit_tag\" value=\"wpcf7-f5721-o1\" \/><input type=\"hidden\" name=\"_wpcf7_container_post\" value=\"0\" \/><input type=\"hidden\" name=\"_wpcf7_posted_data_hash\" value=\"\" \/><input type=\"hidden\" name=\"_wpcf7_recaptcha_response\" value=\"\" \/>\n<\/fieldset>\n<div class=\"contact-form\">\n\t<p><label>Nom*<br \/>\n<span class=\"wpcf7-form-control-wrap\" data-name=\"customer-name\"><input size=\"40\" maxlength=\"400\" class=\"wpcf7-form-control wpcf7-text wpcf7-validates-as-required\" aria-required=\"true\" aria-invalid=\"false\" placeholder=\"Nom\" value=\"\" type=\"text\" name=\"customer-name\" \/><\/span> <\/label><br \/>\n<label>Adresse Mail*<br \/>\n<span class=\"wpcf7-form-control-wrap\" data-name=\"email\"><input size=\"40\" maxlength=\"400\" class=\"wpcf7-form-control wpcf7-email wpcf7-validates-as-required wpcf7-text wpcf7-validates-as-email\" aria-required=\"true\" aria-invalid=\"false\" placeholder=\"Adresse Mail\" value=\"\" type=\"email\" name=\"email\" \/><\/span> <\/label><br \/>\n<input class=\"wpcf7-form-control wpcf7-submit has-spinner contact-form-button\" type=\"submit\" value=\"S&#039;INSCRIRE MAINTENANT\" \/>\n\t<\/p>\n<\/div><div class=\"wpcf7-response-output\" aria-hidden=\"true\"><\/div>\n<\/form>\n<\/div>\n[\/vc_column_text][\/vc_column][\/vc_row][vc_row css_animation=\u00a0\u00bb\u00a0\u00bb row_type=\u00a0\u00bbrow\u00a0\u00bb use_row_as_full_screen_section=\u00a0\u00bbno\u00a0\u00bb type=\u00a0\u00bbfull_width\u00a0\u00bb angled_section=\u00a0\u00bbno\u00a0\u00bb text_align=\u00a0\u00bbleft\u00a0\u00bb background_image_as_pattern=\u00a0\u00bbwithout_pattern\u00a0\u00bb][vc_column][vc_empty_space height=\u00a0\u00bb64px\u00a0\u00bb][\/vc_column][\/vc_row]<\/p>\n<\/div>","protected":false},"excerpt":{"rendered":"<p>[vc_row css_animation=\u00a0\u00bb\u00a0\u00bb row_type=\u00a0\u00bbrow\u00a0\u00bb use_row_as_full_screen_section=\u00a0\u00bbno\u00a0\u00bb type=\u00a0\u00bbgrid\u00a0\u00bb angled_section=\u00a0\u00bbno\u00a0\u00bb text_align=\u00a0\u00bbleft\u00a0\u00bb background_image_as_pattern=\u00a0\u00bbwithout_pattern\u00a0\u00bb bg_type=\u00a0\u00bbbg_color\u00a0\u00bb bg_override=\u00a0\u00bbfull\u00a0\u00bb z_index=\u00a0\u00bb\u00a0\u00bb background_image=\u00a0\u00bb4264&Prime; css=\u00a0\u00bb.vc_custom_1615842600038{background-image: url(https:\/\/gsa.swiss\/wp-content\/uploads\/2021\/01\/SOCAR-2-1000&#215;400-1.jpg?id=4264) !important;}\u00a0\u00bb][vc_column][vc_empty_space height=\u00a0\u00bb120px\u00a0\u00bb][vc_empty_space height=\u00a0\u00bb120px\u00a0\u00bb][\/vc_column][\/vc_row][vc_row css_animation=\u00a0\u00bb\u00a0\u00bb row_type=\u00a0\u00bbrow\u00a0\u00bb use_row_as_full_screen_section=\u00a0\u00bbno\u00a0\u00bb type=\u00a0\u00bbgrid\u00a0\u00bb angled_section=\u00a0\u00bbno\u00a0\u00bb text_align=\u00a0\u00bbleft\u00a0\u00bb background_image_as_pattern=\u00a0\u00bbwithout_pattern\u00a0\u00bb bg_type=\u00a0\u00bbbg_color\u00a0\u00bb bg_override=\u00a0\u00bbfull\u00a0\u00bb z_index=\u00a0\u00bb\u00a0\u00bb][vc_column][vc_empty_space][\/vc_column][\/vc_row][vc_row css_animation=\u00a0\u00bb\u00a0\u00bb row_type=\u00a0\u00bbrow\u00a0\u00bb use_row_as_full_screen_section=\u00a0\u00bbno\u00a0\u00bb type=\u00a0\u00bbgrid\u00a0\u00bb angled_section=\u00a0\u00bbno\u00a0\u00bb text_align=\u00a0\u00bbleft\u00a0\u00bb background_image_as_pattern=\u00a0\u00bbwithout_pattern\u00a0\u00bb bg_type=\u00a0\u00bbbg_color\u00a0\u00bb bg_override=\u00a0\u00bbfull\u00a0\u00bb z_index=\u00a0\u00bb\u00a0\u00bb anchor=\u00a0\u00bbprofile\u00a0\u00bb][vc_column][vc_column_text] METTONS UN TERME \u00c0 LA GUERRE DE<\/p>\n","protected":false},"author":15,"featured_media":4878,"parent":5606,"menu_order":0,"comment_status":"closed","ping_status":"closed","template":"full_width.php","meta":{"give_campaign_id":0,"footnotes":""},"categories":[],"tags":[],"wf_page_folders":[1831],"class_list":["post-5581","page","type-page","status-publish","has-post-thumbnail","hentry"],"campaignId":"","_links":{"self":[{"href":"https:\/\/gsa.swiss\/fr\/wp-json\/wp\/v2\/pages\/5581","targetHints":{"allow":["GET"]}}],"collection":[{"href":"https:\/\/gsa.swiss\/fr\/wp-json\/wp\/v2\/pages"}],"about":[{"href":"https:\/\/gsa.swiss\/fr\/wp-json\/wp\/v2\/types\/page"}],"author":[{"embeddable":true,"href":"https:\/\/gsa.swiss\/fr\/wp-json\/wp\/v2\/users\/15"}],"replies":[{"embeddable":true,"href":"https:\/\/gsa.swiss\/fr\/wp-json\/wp\/v2\/comments?post=5581"}],"version-history":[{"count":1,"href":"https:\/\/gsa.swiss\/fr\/wp-json\/wp\/v2\/pages\/5581\/revisions"}],"predecessor-version":[{"id":6789,"href":"https:\/\/gsa.swiss\/fr\/wp-json\/wp\/v2\/pages\/5581\/revisions\/6789"}],"up":[{"embeddable":true,"href":"https:\/\/gsa.swiss\/fr\/wp-json\/wp\/v2\/pages\/5606"}],"wp:featuredmedia":[{"embeddable":true,"href":"https:\/\/gsa.swiss\/fr\/wp-json\/wp\/v2\/media\/4878"}],"wp:attachment":[{"href":"https:\/\/gsa.swiss\/fr\/wp-json\/wp\/v2\/media?parent=5581"}],"wp:term":[{"taxonomy":"category","embeddable":true,"href":"https:\/\/gsa.swiss\/fr\/wp-json\/wp\/v2\/categories?post=5581"},{"taxonomy":"post_tag","embeddable":true,"href":"https:\/\/gsa.swiss\/fr\/wp-json\/wp\/v2\/tags?post=5581"},{"taxonomy":"wf_page_folders","embeddable":true,"href":"https:\/\/gsa.swiss\/fr\/wp-json\/wp\/v2\/wf_page_folders?post=5581"}],"curies":[{"name":"wp","href":"https:\/\/api.w.org\/{rel}","templated":true}]}}