{"id":5594,"date":"2021-01-31T02:12:09","date_gmt":"2021-01-31T00:12:09","guid":{"rendered":"https:\/\/gsa.swiss\/donation-history\/"},"modified":"2021-09-12T14:34:51","modified_gmt":"2021-09-12T12:34:51","slug":"donation-history","status":"publish","type":"page","link":"https:\/\/gsa.swiss\/fr\/donation-history\/","title":{"rendered":"Donation History"},"content":{"rendered":"\t<div class=\"give-form\">\n\t\t<form method=\"post\" id=\"give-email-access-form\">\n\t\t\t<p>\n\t\t\t\tVeuillez v\u00e9rifier votre adresse e-mail pour acc\u00e9der \u00e0 votre historique de don.\t\t\t<\/p>\n\n\t\t\t<label for=\"give-email\">E-mail du don\u00a0:<\/label>\n\t\t\t<input id=\"give-email\" type=\"email\" name=\"give_email\" value=\"\"\n\t\t\t\t\tplaceholder=\"Adresse e-mail\"\/>\n\t\t\t<input type=\"hidden\" name=\"_wpnonce\" value=\"782c64500b\"\/>\n\t\t\t<input type=\"hidden\" name=\"give_action\" value=\"email_access_form_login\"\/>\n\t\t\t<input type=\"hidden\" name=\"give_access_page\" value=\"5594\"\/>\n\n\t\t\t\t\t\t\t<script>\n\t\t\t\t\t\/\/ IP verify for reCAPTCHA.\n\t\t\t\t\t(function ($) {\n\t\t\t\t\t\t$(function () {\n\t\t\t\t\t\t\t$.getJSON('https:\/\/api.ipify.org?format=jsonp&callback=?', function (json) {\n\t\t\t\t\t\t\t\t$('.give_ip').val(json.ip);\n\t\t\t\t\t\t\t});\n\t\t\t\t\t\t});\n\t\t\t\t\t})(jQuery);\n\t\t\t\t<\/script>\n\n\t\t\t\t<script src='https:\/\/www.google.com\/recaptcha\/api.js'><\/script>\n\t\t\t\t<div class=\"g-recaptcha\" data-sitekey=\"6LdeEesaAAAAAE1CuuqN8MrLiA7nDwZP5GxyCpVJ\"><\/div>\n\t\t\t\t<input type=\"hidden\" name=\"give_ip\" class=\"give_ip\" value=\"\"\/>\n\t\t\t\n\t\t\t<input type=\"submit\" class=\"give-submit\" value=\"V\u00e9rifier l\u2019e-mail\"\/>\n\t\t<\/form>\n\t<\/div>\n\t\n","protected":false},"excerpt":{"rendered":"","protected":false},"author":1,"featured_media":0,"parent":0,"menu_order":0,"comment_status":"closed","ping_status":"closed","template":"","meta":{"give_campaign_id":0,"footnotes":""},"categories":[],"tags":[],"wf_page_folders":[1832],"class_list":["post-5594","page","type-page","status-publish","hentry"],"campaignId":"","_links":{"self":[{"href":"https:\/\/gsa.swiss\/fr\/wp-json\/wp\/v2\/pages\/5594","targetHints":{"allow":["GET"]}}],"collection":[{"href":"https:\/\/gsa.swiss\/fr\/wp-json\/wp\/v2\/pages"}],"about":[{"href":"https:\/\/gsa.swiss\/fr\/wp-json\/wp\/v2\/types\/page"}],"author":[{"embeddable":true,"href":"https:\/\/gsa.swiss\/fr\/wp-json\/wp\/v2\/users\/1"}],"replies":[{"embeddable":true,"href":"https:\/\/gsa.swiss\/fr\/wp-json\/wp\/v2\/comments?post=5594"}],"version-history":[{"count":0,"href":"https:\/\/gsa.swiss\/fr\/wp-json\/wp\/v2\/pages\/5594\/revisions"}],"wp:attachment":[{"href":"https:\/\/gsa.swiss\/fr\/wp-json\/wp\/v2\/media?parent=5594"}],"wp:term":[{"taxonomy":"category","embeddable":true,"href":"https:\/\/gsa.swiss\/fr\/wp-json\/wp\/v2\/categories?post=5594"},{"taxonomy":"post_tag","embeddable":true,"href":"https:\/\/gsa.swiss\/fr\/wp-json\/wp\/v2\/tags?post=5594"},{"taxonomy":"wf_page_folders","embeddable":true,"href":"https:\/\/gsa.swiss\/fr\/wp-json\/wp\/v2\/wf_page_folders?post=5594"}],"curies":[{"name":"wp","href":"https:\/\/api.w.org\/{rel}","templated":true}]}}