{"id":5626,"date":"2019-02-01T13:14:03","date_gmt":"2019-02-01T11:14:03","guid":{"rendered":"https:\/\/gsa.swiss\/impressum\/"},"modified":"2021-11-05T03:47:26","modified_gmt":"2021-11-05T01:47:26","slug":"impressum","status":"publish","type":"page","link":"https:\/\/gsa.swiss\/fr\/impressum\/","title":{"rendered":"Impressum"},"content":{"rendered":"<div class=\"wpb-content-wrapper\"><p>[vc_row css_animation=\u00a0\u00bb\u00a0\u00bb row_type=\u00a0\u00bbrow\u00a0\u00bb use_row_as_full_screen_section=\u00a0\u00bbno\u00a0\u00bb type=\u00a0\u00bbgrid\u00a0\u00bb angled_section=\u00a0\u00bbno\u00a0\u00bb text_align=\u00a0\u00bbleft\u00a0\u00bb background_image_as_pattern=\u00a0\u00bbwithout_pattern\u00a0\u00bb z_index=\u00a0\u00bb\u00a0\u00bb][vc_column][vc_empty_space][vc_column_text]<\/p>\n<h2><span style=\"color: #523f38;\">MENTIONS L\u00c9GALES<\/span><\/h2>\n<p>[\/vc_column_text]<div data-id=\"mpc_divider-2869f626ebbb79a\" class=\"mpc-divider-wrap\"><div class=\"mpc-divider mpc-init mpc-align--left mpc-disable--left \" ><div class=\"mpc-divider__line mpc-side--left\"><span><\/span><\/div><div class=\"mpc-divider__line mpc-side--right\"><span><\/span><\/div><\/div><\/div>[vc_empty_space height=\u00a0\u00bb18px\u00a0\u00bb]<div id=\"mpc_textblock-2269f626ebbb812\" class=\"mpc-textblock mpc-init \"><p><span style=\"color: #523f38;\"><strong>Gesellschaft Schweiz Armenien (GSA)\u00a0<\/strong><\/span><br \/>\n<span style=\"color: #523f38;\">Bahnw\u00e4rterhaus<br \/>\n8472 Seuzach ZH<br \/>\nSwitzerland<\/span><\/p>\n<p><span style=\"color: #523f38;\"><strong>Contact:<\/strong><\/span><br \/>\n<span style=\"color: #523f38;\">Adresse mail: <\/span><a href=\"mailto:hello@gsa.swiss\">hello@gsa.swiss<\/a><\/p>\n<\/div>[vc_empty_space height=\u00a0\u00bb24px\u00a0\u00bb]<div class=\" ubtn-ctn-left \"><a class=\"ubtn-link ult-adjust-bottom-margin ubtn-left ubtn-normal \" href=\"http:\/\/gsa.swiss\/about\/#contact\" ><button type=\"button\" id=\"ubtn-1206\"  class=\"ubtn ult-adjust-bottom-margin ult-responsive ubtn-normal ubtn-fade-bg  none  ubtn-left   tooltip-69f626ebbb90b\"  data-hover=\"\" data-border-color=\"\" data-bg=\"#30332e\" data-hover-bg=\"#fdb321\" data-border-hover=\"\" data-shadow-hover=\"\" data-shadow-click=\"none\" data-shadow=\"\" data-shd-shadow=\"\"  data-ultimate-target='#ubtn-1206'  data-responsive-json-new='{\"font-size\":\"\",\"line-height\":\"\"}'  style=\"font-family:&#039;Nunito Sans&#039;;font-weight:700;border:none;background: #30332e;color: #ffffff;\"><span class=\"ubtn-hover\" style=\"background-color:#fdb321\"><\/span><span class=\"ubtn-data ubtn-text \" >CONTACTEZ-NOUS<\/span><\/button><\/a><\/div>[vc_empty_space height=\u00a0\u00bb36px\u00a0\u00bb][vc_column_text]<\/p>\n<h2><span style=\"color: #523f38;\">D\u00c9CLARATION DE DROIT D\u2019AUTEUR<\/span><\/h2>\n<p>[\/vc_column_text]<div data-id=\"mpc_divider-5669f626ebbb9f8\" class=\"mpc-divider-wrap\"><div class=\"mpc-divider mpc-init mpc-align--left mpc-disable--left \" ><div class=\"mpc-divider__line mpc-side--left\"><span><\/span><\/div><div class=\"mpc-divider__line mpc-side--right\"><span><\/span><\/div><\/div><\/div>[vc_empty_space height=\u00a0\u00bb18px\u00a0\u00bb]<div id=\"mpc_textblock-2969f626ebbba31\" class=\"mpc-textblock mpc-init \"><p>Les droits d&rsquo;auteur de ce site Web sont d\u00e9tenus par l\u2019ASA, tous droits r\u00e9serv\u00e9s. La reproduction ou l&rsquo;utilisation commerciale des informations contenues dans ce site ne sont autoris\u00e9es qu&rsquo;avec l&rsquo;accord \u00e9crit de l\u2019auteur.<\/p>\n<p>L\u2019ASA s&rsquo;efforce de respecter tous les droits d&rsquo;auteur applicables \u00e0 toutes les publications. Si une infraction au droit d&rsquo;auteur devait n\u00e9anmoins se produire, l\u2019ASA retirerait l&rsquo;objet concern\u00e9 de sa publication apr\u00e8s notification ou le marquerait d&rsquo;un avis de droit d&rsquo;auteur appropri\u00e9. Toutes les marques et marques d\u00e9pos\u00e9es mentionn\u00e9es sur le site web et \u00e9ventuellement prot\u00e9g\u00e9es par des tiers sont soumises sans restriction aux dispositions de la loi applicable et aux droits d&rsquo;utilisation des propri\u00e9taires enregistr\u00e9s respectifs. La simple mention d&rsquo;une marque n&rsquo;implique pas qu&rsquo;elle ne soit pas prot\u00e9g\u00e9e par les droits de tiers. L\u2019ASA est seule \u00e0 d\u00e9tenir les droits d&rsquo;auteur pour son propre contenu sur le domaine gsa.swiss. La reproduction de ces graphiques, sons ou textes dans d&rsquo;autres publications \u00e9lectroniques ou imprim\u00e9es n&rsquo;est pas autoris\u00e9e sans le consentement expr\u00e8s de l\u2019ASA. En cas d&rsquo;utilisation non autoris\u00e9e de contenus, une redevance minimale de cinq fois la redevance d&rsquo;utilisation habituelle est due, sous r\u00e9serve de faire valoir des droits \u00e0 des dommages et int\u00e9r\u00eats.<\/p>\n<\/div>[vc_empty_space height=\u00a0\u00bb36px\u00a0\u00bb][vc_column_text]<\/p>\n<h2><span style=\"color: #523f38;\">CONTENU<\/span><\/h2>\n<p>[\/vc_column_text]<div data-id=\"mpc_divider-669f626ebbbac9\" class=\"mpc-divider-wrap\"><div class=\"mpc-divider mpc-init mpc-align--left mpc-disable--left \" ><div class=\"mpc-divider__line mpc-side--left\"><span><\/span><\/div><div class=\"mpc-divider__line mpc-side--right\"><span><\/span><\/div><\/div><\/div>[vc_empty_space height=\u00a0\u00bb18px\u00a0\u00bb]<div id=\"mpc_textblock-9069f626ebbbafa\" class=\"mpc-textblock mpc-init \"><p>Le contenu de ces pages a \u00e9t\u00e9 soigneusement \u00e9dit\u00e9 et v\u00e9rifi\u00e9. Toutefois, l\u2019ASA d\u00e9cline toute responsabilit\u00e9 quant \u00e0 l&rsquo;actualit\u00e9, l&rsquo;exactitude, l&rsquo;exhaustivit\u00e9 ou la qualit\u00e9 des informations fournies. Les pr\u00e9tentions en responsabilit\u00e9 \u00e0 l&rsquo;encontre de l\u2019ASA relatives \u00e0 des dommages mat\u00e9riels ou immat\u00e9riels caus\u00e9s par l&rsquo;utilisation ou la non-utilisation des informations fournies ou par des informations inexactes ou incompl\u00e8tes sont fondamentalement exclues, sauf s&rsquo;il peut \u00eatre prouv\u00e9 que l\u2019ASA a agi intentionnellement ou par n\u00e9gligence grave. L\u2019ASA se r\u00e9serve express\u00e9ment le droit de modifier, compl\u00e9ter, supprimer ou cesser la publication de certaines parties du site ou de l&rsquo;ensemble du site sans pr\u00e9avis.<\/p>\n<\/div>[vc_empty_space height=\u00a0\u00bb36px\u00a0\u00bb][vc_column_text]<\/p>\n<h2><span style=\"color: #523f38;\">LIENS<\/span><\/h2>\n<p>[\/vc_column_text]<div data-id=\"mpc_divider-269f626ebbbb71\" class=\"mpc-divider-wrap\"><div class=\"mpc-divider mpc-init mpc-align--left mpc-disable--left \" ><div class=\"mpc-divider__line mpc-side--left\"><span><\/span><\/div><div class=\"mpc-divider__line mpc-side--right\"><span><\/span><\/div><\/div><\/div>[vc_empty_space height=\u00a0\u00bb18px\u00a0\u00bb]<div id=\"mpc_textblock-5169f626ebbbba7\" class=\"mpc-textblock mpc-init \"><p>Dans la mesure o\u00f9 l\u2019ASA renvoie directement ou indirectement \u00e0 des sites Internet externes (\u00ab\u00a0liens\u00a0\u00bb), la responsabilit\u00e9 de l\u2019ASA n&rsquo;est engag\u00e9e que dans la mesure o\u00f9 elle a une connaissance pr\u00e9cise du contenu respectif et o\u00f9 il lui est techniquement possible et raisonnable d&#8217;emp\u00eacher l&rsquo;utilisation en cas de contenu ill\u00e9gal. L\u2019ASA d\u00e9clare express\u00e9ment que les pages li\u00e9es ne contenaient aucun contenu ill\u00e9gal au moment de la cr\u00e9ation des liens. L\u2019ASA n&rsquo;a aucune influence sur la conception actuelle et future des pages li\u00e9es. Pour cette raison, l\u2019ASA se distancie express\u00e9ment de toute modification du contenu des pages li\u00e9es effectu\u00e9e apr\u00e8s la mise en place des liens. L\u2019ASA n&rsquo;est pas responsable du contenu, de la disponibilit\u00e9, de l&rsquo;exactitude et de la pr\u00e9cision des pages li\u00e9es, de leurs offres, liens ou publicit\u00e9s. L\u2019ASA n&rsquo;est pas responsable des contenus ill\u00e9gaux, incorrects ou incomplets et en particulier pas des dommages r\u00e9sultant de l&rsquo;utilisation ou de la non-utilisation des informations propos\u00e9es sur les pages li\u00e9es.<\/p>\n<\/div>[vc_empty_space height=\u00a0\u00bb36px\u00a0\u00bb][vc_column_text]<\/p>\n<h2><span style=\"color: #523f38;\">CLAUSE DE NON-RESPONSABILIT\u00c9<\/span><\/h2>\n<p>[\/vc_column_text]<div data-id=\"mpc_divider-269f626ebbbc71\" class=\"mpc-divider-wrap\"><div class=\"mpc-divider mpc-init mpc-align--left mpc-disable--left \" ><div class=\"mpc-divider__line mpc-side--left\"><span><\/span><\/div><div class=\"mpc-divider__line mpc-side--right\"><span><\/span><\/div><\/div><\/div>[vc_empty_space height=\u00a0\u00bb18px\u00a0\u00bb]<div id=\"mpc_textblock-4969f626ebbbcad\" class=\"mpc-textblock mpc-init \"><p>La pr\u00e9sente clause de non-responsabilit\u00e9 doit \u00eatre consid\u00e9r\u00e9e comme faisant partie de la publication Internet \u00e0 partir de laquelle vous avez \u00e9t\u00e9 orient\u00e9. Si certaines parties ou certains termes de cette d\u00e9claration ne sont pas l\u00e9gaux ou corrects, le contenu ou la validit\u00e9 des autres parties n&rsquo;en sont pas affect\u00e9s.<\/p>\n<p>L\u2019ASA, les personnes mandat\u00e9es par l\u2019ASA, les utilisateurs du site web et d&rsquo;autres tiers sont responsables de l&rsquo;\u00e9dition, de la cr\u00e9ation et de la publication de contenus et de mat\u00e9riels suppl\u00e9mentaires sur ce site web.<\/p>\n<\/div>[vc_empty_space height=\u00a0\u00bb48px\u00a0\u00bb][\/vc_column][\/vc_row]<\/p>\n<\/div>","protected":false},"excerpt":{"rendered":"<p>[vc_row css_animation=\u00a0\u00bb\u00a0\u00bb row_type=\u00a0\u00bbrow\u00a0\u00bb use_row_as_full_screen_section=\u00a0\u00bbno\u00a0\u00bb type=\u00a0\u00bbgrid\u00a0\u00bb angled_section=\u00a0\u00bbno\u00a0\u00bb text_align=\u00a0\u00bbleft\u00a0\u00bb background_image_as_pattern=\u00a0\u00bbwithout_pattern\u00a0\u00bb z_index=\u00a0\u00bb\u00a0\u00bb][vc_column][vc_empty_space][vc_column_text] MENTIONS L\u00c9GALES [\/vc_column_text][vc_empty_space height=\u00a0\u00bb18px\u00a0\u00bb][vc_empty_space height=\u00a0\u00bb24px\u00a0\u00bb][vc_empty_space height=\u00a0\u00bb36px\u00a0\u00bb][vc_column_text] D\u00c9CLARATION DE DROIT D\u2019AUTEUR [\/vc_column_text][vc_empty_space height=\u00a0\u00bb18px\u00a0\u00bb][vc_empty_space height=\u00a0\u00bb36px\u00a0\u00bb][vc_column_text] CONTENU [\/vc_column_text][vc_empty_space height=\u00a0\u00bb18px\u00a0\u00bb][vc_empty_space height=\u00a0\u00bb36px\u00a0\u00bb][vc_column_text] LIENS [\/vc_column_text][vc_empty_space height=\u00a0\u00bb18px\u00a0\u00bb][vc_empty_space height=\u00a0\u00bb36px\u00a0\u00bb][vc_column_text] CLAUSE DE NON-RESPONSABILIT\u00c9 [\/vc_column_text][vc_empty_space height=\u00a0\u00bb18px\u00a0\u00bb][vc_empty_space height=\u00a0\u00bb48px\u00a0\u00bb][\/vc_column][\/vc_row]<\/p>\n","protected":false},"author":15,"featured_media":0,"parent":0,"menu_order":0,"comment_status":"closed","ping_status":"closed","template":"full_width.php","meta":{"give_campaign_id":0,"footnotes":""},"categories":[],"tags":[],"wf_page_folders":[18],"class_list":["post-5626","page","type-page","status-publish","hentry"],"campaignId":"","_links":{"self":[{"href":"https:\/\/gsa.swiss\/fr\/wp-json\/wp\/v2\/pages\/5626","targetHints":{"allow":["GET"]}}],"collection":[{"href":"https:\/\/gsa.swiss\/fr\/wp-json\/wp\/v2\/pages"}],"about":[{"href":"https:\/\/gsa.swiss\/fr\/wp-json\/wp\/v2\/types\/page"}],"author":[{"embeddable":true,"href":"https:\/\/gsa.swiss\/fr\/wp-json\/wp\/v2\/users\/15"}],"replies":[{"embeddable":true,"href":"https:\/\/gsa.swiss\/fr\/wp-json\/wp\/v2\/comments?post=5626"}],"version-history":[{"count":0,"href":"https:\/\/gsa.swiss\/fr\/wp-json\/wp\/v2\/pages\/5626\/revisions"}],"wp:attachment":[{"href":"https:\/\/gsa.swiss\/fr\/wp-json\/wp\/v2\/media?parent=5626"}],"wp:term":[{"taxonomy":"category","embeddable":true,"href":"https:\/\/gsa.swiss\/fr\/wp-json\/wp\/v2\/categories?post=5626"},{"taxonomy":"post_tag","embeddable":true,"href":"https:\/\/gsa.swiss\/fr\/wp-json\/wp\/v2\/tags?post=5626"},{"taxonomy":"wf_page_folders","embeddable":true,"href":"https:\/\/gsa.swiss\/fr\/wp-json\/wp\/v2\/wf_page_folders?post=5626"}],"curies":[{"name":"wp","href":"https:\/\/api.w.org\/{rel}","templated":true}]}}